{"id":679,"date":"2022-03-09T16:16:35","date_gmt":"2022-03-09T20:16:35","guid":{"rendered":"https:\/\/ltec.cl\/site\/?page_id=679"},"modified":"2022-03-21T15:20:09","modified_gmt":"2022-03-21T19:20:09","slug":"industria-inmobiliaria-apunta-a-viviendas-hermeticas-con-ventilacion-autonoma","status":"publish","type":"page","link":"https:\/\/ltec.cl\/site\/industria-inmobiliaria-apunta-a-viviendas-hermeticas-con-ventilacion-autonoma\/","title":{"rendered":"Industria inmobiliaria apunta a viviendas herm\u00e9ticas con ventilaci\u00f3n aut\u00f3noma"},"content":{"rendered":"\n\n\n\n<h2>Industria inmobiliaria apunta a viviendas herm\u00e9ticas con ventilaci\u00f3n aut\u00f3noma \n<\/h2>\n\n\n\n\n\n\n\n\n\n\n\n\n\n\n<p>La eficiencia energ\u00e9tica es la forma m\u00e1s segura, econ\u00f3mica y sustentable de cubrir nuestras necesidades energ\u00e9ticas, raz\u00f3n por la cual, la industria inmobiliaria tambi\u00e9n est\u00e1 actualizando sus proyectos para direccionar todos sus esfuerzos en ello.<\/p><br><p>Mejorar el rendimiento t\u00e9rmico de las viviendas es tan importante, que el 2023 entrar\u00e1 en vigencia la Ley de Eficiencia Energ\u00e9tica en Chile, que establece que las viviendas nuevas deber\u00e1n contar con la evaluaci\u00f3n de la Calificaci\u00f3n Energ\u00e9tica de Viviendas (CEV) del Ministerio de Vivienda y Urbanismo y el Ministerio de Energ\u00eda.<\/p><br><p>Antes de la creaci\u00f3n de dicha ley, esta evaluaci\u00f3n solo se aplicaba de manera voluntaria por la industria inmobiliaria. Con la nueva normativa se impulsar\u00e1 a toda la industria a mejorar la calificaci\u00f3n de sus proyectos, generando beneficios para los clientes y tambi\u00e9n para el medioambiente.<\/p>\n\n\n\n\n\n\n<h1><br><\/h1><p>M\u00faltiples desarrolladores inmobiliarios se han hecho parte de este compromiso con la eficiencia y sustentabilidad, y se han adelantado a la nueva norma, incorporando est\u00e1ndares superiores para asegurar un mejor comportamiento t\u00e9rmico de sus proyectos, sumando sistemas de ventilaci\u00f3n que logran la ventilaci\u00f3n constante al interior de las viviendas.<\/p><br><p>Siena Inmobiliaria cuenta con su proyecto residencial La Huasa en La Dehesa, que es el primero en Chile en obtener la calificaci\u00f3n A+ de la CEV en todos sus departamentos.<\/p><br><p>Ana Mar\u00eda del R\u00edo, Gerente Comercial de Siena Inmobiliaria, coment\u00f3 este proyecto de vivienda: \u201cEl edificio fue desarrollado bajo un sistema de construcci\u00f3n alem\u00e1n pasivo, que incorpora una aislaci\u00f3n t\u00e9rmica superior, tres veces m\u00e1s gruesa que la convencional, y un alto est\u00e1ndar de hermeticidad en muros y ventanas que reduce las p\u00e9rdidas energ\u00e9ticas en invierno y genera una menor ganancia de calor en verano\u201d.<\/p><p><br><\/p><p>Fuente:&nbsp;http:\/\/www.emb.cl\/construccion\/noticia.mvc?nid=20220303w16&amp;ni=industria-inmobiliaria-apunta-a-viviendas-hermeticas-con-ventilacion-autonoma<\/p>\n\n\n\n\n\n\n\n\n\n\n","protected":false},"excerpt":{"rendered":"","protected":false},"author":1,"featured_media":0,"parent":0,"menu_order":0,"comment_status":"closed","ping_status":"closed","template":"","meta":{"footnotes":""},"class_list":["post-679","page","type-page","status-publish","hentry"],"_links":{"self":[{"href":"https:\/\/ltec.cl\/site\/wp-json\/wp\/v2\/pages\/679","targetHints":{"allow":["GET"]}}],"collection":[{"href":"https:\/\/ltec.cl\/site\/wp-json\/wp\/v2\/pages"}],"about":[{"href":"https:\/\/ltec.cl\/site\/wp-json\/wp\/v2\/types\/page"}],"author":[{"embeddable":true,"href":"https:\/\/ltec.cl\/site\/wp-json\/wp\/v2\/users\/1"}],"replies":[{"embeddable":true,"href":"https:\/\/ltec.cl\/site\/wp-json\/wp\/v2\/comments?post=679"}],"version-history":[{"count":5,"href":"https:\/\/ltec.cl\/site\/wp-json\/wp\/v2\/pages\/679\/revisions"}],"predecessor-version":[{"id":718,"href":"https:\/\/ltec.cl\/site\/wp-json\/wp\/v2\/pages\/679\/revisions\/718"}],"wp:attachment":[{"href":"https:\/\/ltec.cl\/site\/wp-json\/wp\/v2\/media?parent=679"}],"curies":[{"name":"wp","href":"https:\/\/api.w.org\/{rel}","templated":true}]}}