{"id":391,"date":"2021-06-25T13:48:25","date_gmt":"2021-06-25T17:48:25","guid":{"rendered":"https:\/\/ltec.cl\/site\/?page_id=391"},"modified":"2025-03-21T11:44:46","modified_gmt":"2025-03-21T15:44:46","slug":"cotizacion-urgente","status":"publish","type":"page","link":"https:\/\/ltec.cl\/site\/cotizacion-urgente\/","title":{"rendered":"Cotizaci\u00f3n Urgente"},"content":{"rendered":"\n\n\n<h2>Cotizaci\u00f3n Urgente<\/h2>\n\n\n\n\nCotiza con nosotros\n<div class=\"forminator-ui forminator-custom-form forminator-custom-form-397 forminator-design--material  forminator_ajax\" data-forminator-render=\"0\" data-form=\"forminator-module-397\" data-uid=\"69f5c5b73864e\"><br\/><\/div><form\n\t\t\t\tid=\"forminator-module-397\"\n\t\t\t\tclass=\"forminator-ui forminator-custom-form forminator-custom-form-397 forminator-design--material  forminator_ajax\"\n\t\t\t\tmethod=\"post\"\n\t\t\t\tdata-forminator-render=\"0\"\n\t\t\t\tdata-form-id=\"397\"\n\t\t\t\t\n\t\t\t\tdata-design=\"material\"\n\t\t\t\t\n\t\t\t\t\n\t\t\t\t\n\t\t\t\tdata-grid=\"open\"\n\t\t\t\t\n\t\t\t\t\n\t\t\t\tstyle=\"display: none;\"\n\t\t\t\t\n\t\t\t\tdata-uid=\"69f5c5b73864e\"\n\t\t\t><div role=\"alert\" aria-live=\"polite\" class=\"forminator-response-message forminator-error\" aria-hidden=\"true\"><\/div><div class=\"forminator-row\"><div id=\"name-1\" class=\"forminator-field-name forminator-col forminator-col-12 \"><div class=\"forminator-field\"><label for=\"forminator-field-name-1_69f5c5b73864e\" id=\"forminator-field-name-1_69f5c5b73864e-label\" class=\"forminator-label\">Nombre <span class=\"forminator-required\">*<\/span><\/label><input type=\"text\" name=\"name-1\" value=\"\" placeholder=\"Ejemplo: Juan\" id=\"forminator-field-name-1_69f5c5b73864e\" class=\"forminator-input forminator-name--field\" aria-required=\"true\" \/><\/div><\/div><\/div><div class=\"forminator-row\"><div id=\"name-2\" class=\"forminator-field-name forminator-col forminator-col-12 \"><div class=\"forminator-field\"><label for=\"forminator-field-name-2_69f5c5b73864e\" id=\"forminator-field-name-2_69f5c5b73864e-label\" class=\"forminator-label\">RUT Empresa (sin puntos)<\/label><input type=\"text\" name=\"name-2\" value=\"\" placeholder=\"Ejemplo: 00.000.000-0\" id=\"forminator-field-name-2_69f5c5b73864e\" class=\"forminator-input forminator-name--field\" aria-required=\"false\" \/><\/div><\/div><\/div><div class=\"forminator-row\"><div id=\"email-1\" class=\"forminator-field-email forminator-col forminator-col-6 \"><div class=\"forminator-field\"><label for=\"forminator-field-email-1_69f5c5b73864e\" id=\"forminator-field-email-1_69f5c5b73864e-label\" class=\"forminator-label\">Correo electr\u00f3nico <span class=\"forminator-required\">*<\/span><\/label><input type=\"email\" name=\"email-1\" value=\"\" placeholder=\"Ej . : contacto@ltec.cl\" id=\"forminator-field-email-1_69f5c5b73864e\" class=\"forminator-input forminator-email--field\" data-required=\"true\" aria-required=\"true\" \/><\/div><\/div><div id=\"phone-1\" class=\"forminator-field-phone forminator-col forminator-col-6 \"><div class=\"forminator-field\"><label for=\"forminator-field-phone-1_69f5c5b73864e\" id=\"forminator-field-phone-1_69f5c5b73864e-label\" class=\"forminator-label\">N\u00famero de tel\u00e9fono (debe colocar el +569) <span class=\"forminator-required\">*<\/span><\/label><input type=\"text\" name=\"phone-1\" value=\"\" placeholder=\"Ejemplo: +56 9 0000 0000\" id=\"forminator-field-phone-1_69f5c5b73864e\" class=\"forminator-input forminator-field--phone\" data-required=\"1\" aria-required=\"true\" autocomplete=\"off\" maxlength=\"12\" data-validation=\"character_limit\" \/><span id=\"forminator-field-phone-1_69f5c5b73864e-description\" class=\"forminator-description\" id=\"forminator-field-phone-1_69f5c5b73864e-description\"><span data-limit=\"12\" data-type=\"\">0 \/ 12<\/span><\/span><\/div><\/div><\/div><div class=\"forminator-row\"><div id=\"url-1\" class=\"forminator-field-url forminator-col forminator-col-6 \"><div class=\"forminator-field\"><label for=\"forminator-field-url-1_69f5c5b73864e\" id=\"forminator-field-url-1_69f5c5b73864e-label\" class=\"forminator-label\">Empresa <span class=\"forminator-required\">*<\/span><\/label><input type=\"url\" name=\"url-1\" value=\"\" placeholder=\"Ejemplo: LTEC\" id=\"forminator-field-url-1_69f5c5b73864e\" class=\"forminator-input forminator-website--field\" data-required=\"1\" aria-required=\"true\" \/><\/div><\/div><div id=\"text-1\" class=\"forminator-field-text forminator-col forminator-col-6 \"><div class=\"forminator-field\"><label for=\"forminator-field-text-1_69f5c5b73864e\" id=\"forminator-field-text-1_69f5c5b73864e-label\" class=\"forminator-label\">Mandante <span class=\"forminator-required\">*<\/span><\/label><input type=\"text\" name=\"text-1\" value=\"\" placeholder=\"Ejemplo: MOP\" id=\"forminator-field-text-1_69f5c5b73864e\" class=\"forminator-input forminator-name--field\" data-required=\"1\" \/><\/div><\/div><\/div><div class=\"forminator-row\"><div id=\"textarea-1\" class=\"forminator-field-textarea forminator-col forminator-col-12 \"><div class=\"forminator-field\"><label for=\"forminator-field-textarea-1_69f5c5b73864e\" id=\"forminator-field-textarea-1_69f5c5b73864e-label\" class=\"forminator-label\">Mensaje <span class=\"forminator-required\">*<\/span><\/label><textarea name=\"textarea-1\" placeholder=\"Introduce tu mensaje...\" id=\"forminator-field-textarea-1_69f5c5b73864e\" class=\"forminator-textarea\" rows=\"6\" style=\"min-height:140px;\" maxlength=\"500\" ><\/textarea><span id=\"forminator-field-textarea-1_69f5c5b73864e-description\" class=\"forminator-description\"><span data-limit=\"500\" data-type=\"characters\" data-editor=\"\">0 \/ 500<\/span><\/span><\/div><\/div><\/div><div class=\"forminator-row\"><div id=\"date-1\" class=\"forminator-field-date forminator-col forminator-col-12 \"><div class=\"forminator-field\"><label for=\"forminator-field-date-1-picker_69f5c5b73864e\" id=\"forminator-field-date-1-picker_69f5c5b73864e-label\" class=\"forminator-label\">\u00bfEn qu\u00e9 fecha comienza su proyecto?<\/label><div class=\"forminator-input-with-icon\"><span class=\"forminator-icon-calendar\" aria-hidden=\"true\"><\/span><input autocomplete=\"off\" type=\"text\" size=\"1\" name=\"date-1\" value=\"\" placeholder=\"Elegir fecha\" id=\"forminator-field-date-1-picker_69f5c5b73864e\" class=\"forminator-input forminator-datepicker\" data-required=\"\" data-format=\"dd\/mm\/yy\" data-restrict-type=\"\" data-restrict=\"\" data-start-year=\"1926\" data-end-year=\"2126\" data-past-dates=\"enable\" data-start-of-week=\"1\" data-start-date=\"\" data-end-date=\"\" data-start-field=\"\" data-end-field=\"\" data-start-offset=\"\" data-end-offset=\"\" data-disable-date=\"\" data-disable-range=\"\" \/><\/div><\/div><\/div><\/div><div class=\"forminator-row\"><div id=\"select-1\" class=\"forminator-field-select forminator-col forminator-col-12 \"><div class=\"forminator-field\"><label for=\"forminator-form-397__field--select-1_69f5c5b73864e\" id=\"forminator-form-397__field--select-1_69f5c5b73864e-label\" class=\"forminator-label\">\u00bfEn qu\u00e9 regi\u00f3n se realiza el proyecto?<\/label><select  id=\"forminator-form-397__field--select-1_69f5c5b73864e\" class=\"forminator-select--field forminator-select2 forminator-select2-multiple\" data-required=\"\" name=\"select-1\" data-default-value=\"\" data-placeholder=\"\" data-search=\"false\" data-search-placeholder=\"\" data-checkbox=\"false\" data-allow-clear=\"false\" aria-labelledby=\"forminator-form-397__field--select-1_69f5c5b73864e-label\"><option value=\"regin-de-arica-y-parinacota\"  data-calculation=\"0\">Regi\u00f3n de Arica y Parinacota.<\/option><option value=\"regin-de-tarapac\"  data-calculation=\"0\">Regi\u00f3n de Tarapac\u00e1.<\/option><option value=\"regin-de-antofagasta\"  data-calculation=\"0\">Regi\u00f3n de Antofagasta.<\/option><option value=\"regin-de-atacama\"  data-calculation=\"0\">Regi\u00f3n de Atacama.<\/option><option value=\"regin-de-coquimbo\"  data-calculation=\"0\">Regi\u00f3n de Coquimbo.<\/option><option value=\"regin-de-valparaso\"  data-calculation=\"0\">Regi\u00f3n de Valpara\u00edso.<\/option><option value=\"regin-metropolitana-de-santiago\"  data-calculation=\"0\">Regi\u00f3n Metropolitana de Santiago.<\/option><option value=\"regin-del-libertador-general-bernardo-ohiggins\"  data-calculation=\"0\">Regi\u00f3n del Libertador General Bernardo O\u2019Higgins.<\/option><option value=\"regin-del-maule\"  data-calculation=\"0\">Regi\u00f3n del Maule.<\/option><option value=\"regin-del-uble\"  data-calculation=\"0\">Regi\u00f3n del \u00d1uble.<\/option><option value=\"regin-del-biobo\"  data-calculation=\"0\">Regi\u00f3n del Biob\u00edo.<\/option><option value=\"regin-de-la-araucana\"  data-calculation=\"0\">Regi\u00f3n de La Araucan\u00eda.<\/option><option value=\"regin-de-los-ros\"  data-calculation=\"0\">Regi\u00f3n de Los R\u00edos.<\/option><option value=\"regin-de-los-lagos\"  data-calculation=\"0\">Regi\u00f3n de Los Lagos.<\/option><option value=\"regin-de-aysn-del-general-carlos-ibez-del-campo\"  data-calculation=\"0\">Regi\u00f3n de Ays\u00e9n del General Carlos Ib\u00e1\u00f1ez del Campo.<\/option><option value=\"regin-de-magallanes-y-la-antrtica-chilena\"  data-calculation=\"0\">Regi\u00f3n de Magallanes y la Ant\u00e1rtica Chilena.<\/option><\/select><\/div><\/div><\/div><div class=\"forminator-row\"><div id=\"text-2\" class=\"forminator-field-text forminator-col forminator-col-12 \"><div class=\"forminator-field\"><label for=\"forminator-field-text-2_69f5c5b73864e\" id=\"forminator-field-text-2_69f5c5b73864e-label\" class=\"forminator-label\">\u00bfCu\u00e1l es la duraci\u00f3n del proyecto en d\u00edas o meses?<\/label><input type=\"text\" name=\"text-2\" value=\"\" placeholder=\"\u00bfCu\u00e1l es la duraci\u00f3n del proyecto en d\u00edas o meses?\" id=\"forminator-field-text-2_69f5c5b73864e\" class=\"forminator-input forminator-name--field\" data-required=\"\" \/><\/div><\/div><\/div><div class=\"forminator-row\"><div id=\"captcha-1\" class=\"forminator-field-captcha forminator-col forminator-col-12 \"><div class=\"forminator-captcha-left forminator-g-recaptcha\" data-theme=\"light\"  data-sitekey=\"6LeM2Q0bAAAAAG0p8x3qUB5TMwkve4K1sBBAuGgZ\" data-size=\"normal\"><\/div> <\/div><\/div><input type=\"hidden\" name=\"referer_url\" value=\"\" \/><div class=\"forminator-row forminator-row-last\"><div class=\"forminator-col\"><div class=\"forminator-field\"><button class=\"forminator-button forminator-button-submit\"><span>Enviar cotizaci&oacute;n Urgente<\/span><span aria-hidden=\"true\"><\/span><\/button><\/div><\/div><\/div><input type=\"hidden\" id=\"forminator_nonce\" name=\"forminator_nonce\" value=\"4dff8cef4a\" \/><input type=\"hidden\" name=\"_wp_http_referer\" value=\"\/site\/wp-json\/wp\/v2\/pages\/391\" \/><input type=\"hidden\" name=\"form_id\" value=\"397\"><input type=\"hidden\" name=\"page_id\" value=\"391\"><input type=\"hidden\" name=\"form_type\" value=\"default\"><input type=\"hidden\" name=\"current_url\" value=\"https:\/\/ltec.cl\/site\/cotizacion-urgente\/\"><input type=\"hidden\" name=\"render_id\" value=\"0\"><input type=\"hidden\" name=\"action\" value=\"forminator_submit_form_custom-forms\"><\/form>\n\n\n","protected":false},"excerpt":{"rendered":"","protected":false},"author":1,"featured_media":0,"parent":0,"menu_order":0,"comment_status":"closed","ping_status":"closed","template":"","meta":{"footnotes":""},"class_list":["post-391","page","type-page","status-publish","hentry"],"_links":{"self":[{"href":"https:\/\/ltec.cl\/site\/wp-json\/wp\/v2\/pages\/391","targetHints":{"allow":["GET"]}}],"collection":[{"href":"https:\/\/ltec.cl\/site\/wp-json\/wp\/v2\/pages"}],"about":[{"href":"https:\/\/ltec.cl\/site\/wp-json\/wp\/v2\/types\/page"}],"author":[{"embeddable":true,"href":"https:\/\/ltec.cl\/site\/wp-json\/wp\/v2\/users\/1"}],"replies":[{"embeddable":true,"href":"https:\/\/ltec.cl\/site\/wp-json\/wp\/v2\/comments?post=391"}],"version-history":[{"count":8,"href":"https:\/\/ltec.cl\/site\/wp-json\/wp\/v2\/pages\/391\/revisions"}],"predecessor-version":[{"id":1164,"href":"https:\/\/ltec.cl\/site\/wp-json\/wp\/v2\/pages\/391\/revisions\/1164"}],"wp:attachment":[{"href":"https:\/\/ltec.cl\/site\/wp-json\/wp\/v2\/media?parent=391"}],"curies":[{"name":"wp","href":"https:\/\/api.w.org\/{rel}","templated":true}]}}