{"id":135,"date":"2021-03-19T09:52:14","date_gmt":"2021-03-19T09:52:14","guid":{"rendered":"https:\/\/ltec.cl\/site\/?page_id=135"},"modified":"2025-03-21T11:20:04","modified_gmt":"2025-03-21T15:20:04","slug":"faq","status":"publish","type":"page","link":"https:\/\/ltec.cl\/site\/faq\/","title":{"rendered":"Preguntas Frecuentes"},"content":{"rendered":"\n\n\n\n<h2>Preguntas Frecuentes<\/h2>\n\n\n\n\n\n\n\n\n\n\n\n\n\n<p style=\"text-align: justify;\"><span style=\"font-size: 18px; background-color: rgb(255, 255, 255); color: rgb(0, 0, 0);\">La firma electr\u00f3nica avanzada ( FEA ) es la herramienta que permite firmar documentos electr\u00f3nicos otorg\u00e1ndoles validez legal seg\u00fan Ley 19.799, tiene un valor probatorio de \u201cpleno medio de prueba\u201d, por tanto permite firma de contratos y documentos seg\u00fan lo establecido por la Ley garantizando la autenticaci\u00f3n, integridad y el no repudio de los documentos.<\/span><\/p><span id=\"docs-internal-guid-d9a8a028-7fff-9012-9a20-5fb572a3c089\"><span style=\"font-size: 11pt; font-family: Arial; font-variant-numeric: normal; font-variant-east-asian: normal; vertical-align: baseline; white-space: pre-wrap; color: rgb(0, 0, 0); background-color: rgb(0, 0, 0);\"><\/span><\/span>\n\n\n\n\n\n\n<p style=\"text-align: justify;\"><span style=\"font-size: 18px; color: rgb(0, 0, 0);\">El gobierno de Chile ha desarrollado una Firma Electr\u00f3nica Avanzada para los funcionarios p\u00fablicos en \u00e1reas de digitalizar los tr\u00e1mites que requieren autentificaci\u00f3n. Para dar inicio a la habilitaci\u00f3n de una instituci\u00f3n en la plataforma es necesario que el Ministerio u \u00d3rgano al cual pertenece o con el cual se relaciona la instituci\u00f3n cuente con convenio firmado con Minsegpres. En LTEC, la firma MINSEGPRES se conoce como Firma OTP ( On Time Password).<\/span><\/p><span style=\"font-size: 18px; color: rgb(12, 12, 12);\"><\/span><span style=\"font-size: 11pt; font-family: Arial; background-color: transparent; font-weight: 400; font-style: normal; font-variant: normal; text-decoration: none; vertical-align: baseline; white-space: pre-wrap; color: rgb(0, 0, 0);\"><\/span>\n\n\n\n\n\n\n<p style=\"text-align: left;\"><span><\/span><span id=\"docs-internal-guid-7c2c0f80-7fff-84b7-2939-58401ecc17c7\"><span style=\"font-size: 11pt; font-family: Arial; background-color: transparent; font-variant-numeric: normal; font-variant-east-asian: normal; vertical-align: baseline; white-space: pre-wrap;\"><span style=\"font-size: 18px; color: rgb(0, 0, 0);\">Visite el sitio<\/span><span style=\"color: rgb(0, 0, 0);\"> <\/span><\/span><\/span><a href=\"https:\/\/firma.digital.gob.cl\/\" style=\"font-size: 12px; text-decoration-line: none;\"><span style=\"font-size: 13pt; font-family: Arial; color: rgb(17, 85, 204); background-color: transparent; font-variant-numeric: normal; font-variant-east-asian: normal; text-decoration-line: underline; text-decoration-skip-ink: none; vertical-align: baseline; white-space: pre-wrap;\">https:\/\/firma.digital.gob.cl\/<\/span><\/a><\/p>\n\n\n\n\n\n\n<p><span id=\"docs-internal-guid-10125376-7fff-3f16-e9ac-de6b2ba14bd3\"><span style=\"font-size: 18px; font-family: Arial; background-color: transparent; font-variant-numeric: normal; font-variant-east-asian: normal; vertical-align: baseline; white-space: pre-wrap; color: rgb(0, 0, 0);\">Inspectores Fiscales y Subrogantes<\/span><\/span><\/p>\n\n\n\n\n\n\n\n<p><span id=\"docs-internal-guid-a7ef029f-7fff-e256-1146-9331dca688b2\"><span style=\"font-size: 18px; font-family: Arial; background-color: transparent; font-variant-numeric: normal; font-variant-east-asian: normal; vertical-align: baseline; white-space: pre-wrap; color: rgb(0, 0, 0);\">Residentes.<\/span><\/span><\/p>\n\n\n\n\n\n\n\n<p style=\"text-align: left;\"><span id=\"docs-internal-guid-8379197d-7fff-da8c-2aa9-6c6ac0537092\"><span style=\"font-size: 18px; font-family: Arial; background-color: transparent; font-variant-numeric: normal; font-variant-east-asian: normal; vertical-align: baseline; white-space: pre-wrap; color: rgb(0, 0, 0);\">Visite el sitio <\/span><\/span><a href=\"https:\/\/www.entidadacreditadora.gob.cl\/entidades\/\" style=\"font-size: 12px; text-decoration-line: none;\"><span style=\"font-size: 13pt; font-family: Arial; color: rgb(17, 85, 204); background-color: transparent; font-variant-numeric: normal; font-variant-east-asian: normal; text-decoration-line: underline; text-decoration-skip-ink: none; vertical-align: baseline; white-space: pre-wrap;\">https:\/\/www.entidadacreditadora.gob.cl\/entidades\/<\/span><\/a>&nbsp;o bien, contacte a soporte@Ltec.cl<\/p>\n\n\n\n\n\n\n<p style=\"text-align: justify; \"><span id=\"docs-internal-guid-80f33794-7fff-72e2-f8cb-e545041cb019\"><span style=\"font-size: 18px; font-family: Arial; background-color: transparent; font-variant-numeric: normal; font-variant-east-asian: normal; vertical-align: baseline; white-space: pre-wrap; color: rgb(0, 0, 0);\">S\u00ed, puede utilizar una Firma Avanzada Online, que s\u00f3lo puede ser adquirida en Ltec<\/span><\/span><\/p>\n\n\n\n\n\n\n<p style=\"text-align: justify;\"><span style=\"background-color: transparent; font-size: 16px;\">La Firma Avanzada Online solamente puede ser adquirida en Ltec. El tr\u00e1mite es 100% online, s\u00f3lo debe contactarnos a soporte@Ltec.cl<\/span><\/p>\n\n\n\n\n\n\n<p style=\"text-align: justify;\"><span id=\"docs-internal-guid-7c5a3dc8-7fff-59b9-594c-33210839f909\"><span style=\"font-size: 18px; font-family: Arial; background-color: transparent; font-variant-numeric: normal; font-variant-east-asian: normal; vertical-align: baseline; white-space: pre-wrap; color: rgb(0, 0, 0);\">A trav\u00e9s del enlace: <\/span><\/span><a href=\"https:\/\/descargas.viafirma.com\/viafirma\/desktop\/download.html\" style=\"font-size: 12px; text-decoration-line: none;\"><span style=\"font-size: 13pt; font-family: Arial; color: rgb(17, 85, 204); background-color: transparent; font-variant-numeric: normal; font-variant-east-asian: normal; text-decoration-line: underline; text-decoration-skip-ink: none; vertical-align: baseline; white-space: pre-wrap;\">https:\/\/descargas.viafirma.com\/viafirma\/desktop\/download.html<\/span><\/a>&nbsp;<\/p>\n\n\n\n\n\n\n<p style=\"text-align: justify; \"><span id=\"docs-internal-guid-5210a96d-7fff-6f60-f11a-297be779dbd1\"><span style=\"font-size: 18px; font-family: Arial; background-color: transparent; font-variant-numeric: normal; font-variant-east-asian: normal; vertical-align: baseline; white-space: pre-wrap; color: rgb(0, 0, 0);\">Descargar viafirma y seguir las instrucciones hasta el final.<\/span><\/span><\/p>\n\n\n\n\n\n\n<p style=\"text-align: justify;\"><span id=\"docs-internal-guid-671f0ada-7fff-6cd1-8851-6820472a65e0\"><span style=\"color: rgb(0, 0, 0);\"><span style=\"font-size: 11pt; font-family: Arial; background-color: transparent; font-variant-numeric: normal; font-variant-east-asian: normal; vertical-align: baseline; white-space: pre-wrap;\"><\/span><span style=\"font-size: 18px;\">Debe tener previamente activa su FEA seg\u00fan los manuales de su entidad acreditadora, luego tener descargado y ejecutado el driver de viafirma en su computador, posteriormente solo tiene que hacer clic en &#8220;firmar&#8221;, insertar su EToken, seleccionar su credencial y confirmar la firma con su contrase\u00f1a del EToken.<\/span><\/span><span style=\"font-size: 11pt; font-family: Arial; color: rgb(0, 0, 0); background-color: transparent; font-variant-numeric: normal; font-variant-east-asian: normal; vertical-align: baseline; white-space: pre-wrap;\"><\/span><\/span><\/p>\n\n\n\n\n\n\nEspecialistas\n\n\n\n\n\n\n<p style=\"text-align: justify;\"><span style=\"background-color: transparent; font-size: 12px;\"><span style=\"font-size: 16px;\">Los especialistas tendr\u00e1n asignado un bot\u00f3n de Firma Simple para oficializar sus folios.&nbsp;Para utilizar la Firma Simple, primero debe crear su PIN de 4 d\u00edgitos (num\u00e9ricos, no confundir con clave de acceso a Ltec)<\/span><\/span><\/p>\n\n\n\n\n\n\n\n\n\n\n\n\n\n\n<p style=\"text-align: justify;\"><span id=\"docs-internal-guid-4022e970-7fff-3658-da20-28916daa733f\"><span style=\"color: rgb(0, 0, 0);\"><span style=\"font-size: 11pt; font-family: Arial; background-color: transparent; font-variant-numeric: normal; font-variant-east-asian: normal; vertical-align: baseline; white-space: pre-wrap;\"><\/span><span style=\"font-size: 18px;\">Verifique el correo electr\u00f3nico enviado por no-reply@ltec.cl a su cuenta y haga clic en el enlace de \u201cActivar Cuenta\u201d . Si no llega a su bandeja de entrada, revise la carpeta de Spam.<\/span><\/span><span style=\"font-size: 11pt; font-family: Arial; color: rgb(0, 0, 0); background-color: transparent; font-variant-numeric: normal; font-variant-east-asian: normal; vertical-align: baseline; white-space: pre-wrap;\"><span style=\"font-size: 18px;\"><\/span><\/span><\/span><\/p>\n\n\n\n\n\n\n\n<p style=\"text-align: justify;\"><span id=\"docs-internal-guid-9a53f3ef-7fff-f0c0-d4ad-246fcbf04b04\"><span style=\"font-size: 18px; font-family: Arial; background-color: transparent; font-variant-numeric: normal; font-variant-east-asian: normal; vertical-align: baseline; white-space: pre-wrap; color: rgb(0, 0, 0);\">El usuario debe ser creado por el residente, el inspector Fiscal o el equipo de soporte LTEC a solicitud de los mismos.<\/span><\/span><\/p>\n\n\n\n\n\n\n\n<p style=\"text-align: justify;\"><span id=\"docs-internal-guid-60222499-7fff-0ffe-fedc-df482bd86c6e\"><span style=\"font-size: 18px; font-family: Arial; background-color: transparent; font-variant-numeric: normal; font-variant-east-asian: normal; vertical-align: baseline; white-space: pre-wrap; color: rgb(0, 0, 0);\">En la p\u00e1gina de Login pulse &#8220;Cambiar Contrase\u00f1a&#8221; y busque el link individual de solicitud de cambio de contrase\u00f1a que ser\u00e1 enviado a su correo.<\/span><\/span><\/p>\n\n\n\n\n\n\n<p style=\"text-align: justify;\"><span id=\"docs-internal-guid-6711ce4e-7fff-0f4d-dc0c-b676165aeff6\"><span style=\"font-size: 18px; font-family: Arial; background-color: transparent; font-variant-numeric: normal; font-variant-east-asian: normal; vertical-align: baseline; white-space: pre-wrap; color: rgb(0, 0, 0);\">Verifique que el email est\u00e9 bien escrito y que su cuenta est\u00e9 activa. Un Residente, Inspector, Especialista, Asistente y Visita no deben elegir ingreso como administrador. Si persiste el problema, comun\u00edquese con soporte.<\/span><\/span><\/p>\n\n\n\n\n\n\n\n\n\n\n\n\n\n\n<p style=\"text-align: justify; \"><span id=\"docs-internal-guid-304331cc-7fff-bac2-a033-5549c2e3f7e6\"><span style=\"font-size: 18px; font-family: Arial; background-color: transparent; font-variant-numeric: normal; font-variant-east-asian: normal; vertical-align: baseline; white-space: pre-wrap; color: rgb(0, 0, 0);\">Debe llenar los caracteres obligatorios, guardar el folio en borrador y luego adjuntar los archivos.<\/span><\/span><\/p>\n\n\n\n\n\n\n<p style=\"text-align: justify;\"><span id=\"docs-internal-guid-315ac097-7fff-c967-70dc-16e3977b0580\"><span style=\"font-size: 18px; font-family: Arial; background-color: transparent; font-variant-numeric: normal; font-variant-east-asian: normal; vertical-align: baseline; white-space: pre-wrap; color: rgb(0, 0, 0);\">S\u00ed, pero con un l\u00edmite de peso sugerido de 100MB.<\/span><\/span><\/p>\n\n\n\n\n\n\n<p style=\"text-align: justify;\"><span id=\"docs-internal-guid-ef200ffd-7fff-fe80-bdc3-9d783cd3795a\"><span style=\"font-size: 18px; font-family: Arial; background-color: transparent; font-variant-numeric: normal; font-variant-east-asian: normal; vertical-align: baseline; white-space: pre-wrap; color: rgb(0, 0, 0);\">S\u00ed, puede agregar documentos editables asociados a folios en formato Excel, Word, PDF y PPT<\/span><\/span><\/p>\n\n\n\n\n\n\n<p style=\"text-align: justify;\"><span id=\"docs-internal-guid-6a6b1100-7fff-fcb9-1ac7-193c455dcd89\"><span style=\"font-size: 18px; font-family: Arial; background-color: transparent; font-variant-numeric: normal; font-variant-east-asian: normal; vertical-align: baseline; white-space: pre-wrap; color: rgb(0, 0, 0);\">En el repositorio de documentos de la carpeta digital.<\/span><\/span><\/p>\n\n\n\n\n\n\n<p style=\"text-align: justify; \"><span id=\"docs-internal-guid-1d8a13a6-7fff-155e-800d-553f56ac5b63\"><span style=\"font-size: 18px; font-family: Arial; background-color: transparent; font-variant-numeric: normal; font-variant-east-asian: normal; vertical-align: baseline; white-space: pre-wrap; color: rgb(0, 0, 0);\">Puede editar y borrar informaci\u00f3n en un folio siempre que este no haya sido firmado.<\/span><\/span><\/p>\n\n\n\n\n\n\n<p style=\"text-align: justify; \"><span id=\"docs-internal-guid-a019c6b7-7fff-ebb6-f9f3-e8198d520cab\"><span style=\"font-size: 18px; font-family: Arial; background-color: transparent; font-variant-numeric: normal; font-variant-east-asian: normal; vertical-align: baseline; white-space: pre-wrap; color: rgb(0, 0, 0);\">No, solo se permite editar y eliminar un folio en estado borrador.<\/span><\/span><\/p>\n\n\n\n\n\n\n<p style=\"text-align: justify; \"><span id=\"docs-internal-guid-68b976ef-7fff-fa16-64be-64d847668de3\"><span style=\"font-size: 18px; font-family: Arial; background-color: transparent; font-variant-numeric: normal; font-variant-east-asian: normal; vertical-align: baseline; white-space: pre-wrap; color: rgb(0, 0, 0);\">A trav\u00e9s de la marca de &#8220;visto&#8221; de su contraparte.<\/span><\/span><\/p>\n\n\n\n\n\n\n\n<p style=\"text-align: justify; \"><span id=\"docs-internal-guid-ce6fbc61-7fff-48d7-1919-3dc7282f27f0\"><span style=\"font-size: 18px; font-family: Arial; background-color: transparent; font-variant-numeric: normal; font-variant-east-asian: normal; vertical-align: baseline; white-space: pre-wrap; color: rgb(0, 0, 0);\">Usando el mismo procedimiento para firmar un folio. Solo pueden marcar como visto los usuarios de la contraparte con poder de firma<\/span><span style=\"font-size: 11pt; font-family: Arial; color: rgb(0, 0, 0); background-color: transparent; font-variant-numeric: normal; font-variant-east-asian: normal; vertical-align: baseline; white-space: pre-wrap;\">.<\/span><\/span><\/p>\n\n\n\n\n\n\n\n<p style=\"text-align: justify;\"><span style=\"background-color: transparent; font-size: 17px; color: rgb(0, 0, 0);\">Los libros pueden ser descargados de forma masiva en el m\u00f3dulo de Carpeta Digital, en la secci\u00f3n &#8220;Desarrollo de Contrato&#8221;<\/span><\/p>\n\n\n\n\n\n\n\n\n\n\n\n\n\n\n<p><span style=\"font-size: 18px;\">LTEC tiene una estructura de libros seg\u00fan el tipo de contrato, entre los que se incluye de acuerdo a lo solicitado:<\/span><\/p><p><span style=\"font-size: 18px;\">&#8211; Libro de Obra Maestro (Unidireccional).<\/span><\/p><p><span style=\"font-size: 18px;\">&#8211; Libros de Comunicaciones (Bidireccional).<\/span><\/p><p><span style=\"font-size: 18px;\">&#8211; Libros de Especialidades o Auxiliares (Bidireccionales y tantos como se requieran).<\/span><span style=\"font-size: 18px; background-color: transparent; color: rgb(0, 0, 0);\"><\/span><span style=\"color: rgb(0, 0, 0);\"><span id=\"docs-internal-guid-5d86adbe-7fff-136d-b3a7-9e646f5b0377\"><span style=\"font-size: 11pt; font-family: Arial; background-color: transparent; font-variant-numeric: normal; font-variant-east-asian: normal; vertical-align: baseline; white-space: pre-wrap;\"><\/span><\/span><\/span>\n<\/p>\n\n\n\n\n\n\n\n<p style=\"text-align: justify; \"><span id=\"docs-internal-guid-29926fb4-7fff-eb92-e0a2-68be4df90a3b\"><span style=\"font-size: 18px; font-family: Arial; background-color: transparent; font-variant-numeric: normal; font-variant-east-asian: normal; vertical-align: baseline; white-space: pre-wrap; color: rgb(0, 0, 0);\">La empresa constructora es responsable de encargar la creaci\u00f3n del libro de obra cuanto contrata el servicio de LTEC.<\/span><\/span><\/p>\n\n\n\n\n\n\n\n<p style=\"text-align: justify;\"><span id=\"docs-internal-guid-64acd4f4-7fff-ca3e-5549-d8bc64ab4370\" style=\"color: rgb(0, 0, 0);\"><span style=\"font-size: 11pt; font-family: Arial; background-color: transparent; font-variant-numeric: normal; font-variant-east-asian: normal; vertical-align: baseline; white-space: pre-wrap;\"><\/span><span style=\"font-size: 18px;\">El Inspector Fiscal desde la plataforma o el equipo de soporte LTEC a solicitud del mismo.<\/span><span style=\"font-size: 11pt; font-family: Arial; background-color: transparent; font-variant-numeric: normal; font-variant-east-asian: normal; vertical-align: baseline; white-space: pre-wrap;\"><\/span><\/span><\/p>\n\n\n\n\n\n\n<p style=\"text-align: justify; \"><span id=\"docs-internal-guid-49a28fee-7fff-f121-d9b8-81ab5aea4947\"><span style=\"font-size: 18px; font-family: Arial; background-color: transparent; font-variant-numeric: normal; font-variant-east-asian: normal; vertical-align: baseline; white-space: pre-wrap; color: rgb(0, 0, 0);\">La cantidad de usuarios por contrato es ilimitada, los perfiles tendr\u00e1n acceso a leer, escribir, y firmar folios seg\u00fan el rol que cumplan dentro de la obra.<\/span><\/span><\/p>\n\n\n\n\n\n\n<p style=\"text-align: justify; \"><span id=\"docs-internal-guid-01db3f7c-7fff-c1b8-c2bc-ab54f91d610b\"><span style=\"font-size: 18px; font-family: Arial; background-color: transparent; font-variant-numeric: normal; font-variant-east-asian: normal; vertical-align: baseline; white-space: pre-wrap; color: rgb(0, 0, 0);\">S\u00ed, dependiendo del rol que cumple en su contrato.<\/span><\/span><\/p>\n\n\n\n\n\n\n<p style=\"text-align: justify;\"><span style=\"background-color: transparent; font-size: 12px;\"><span style=\"font-size: 16px; color: rgb(0, 0, 0);\"><span style=\"font-size: 17px;\">Inspectores y Residente pueden asignar profesionales dentro de cada contrato, en el m\u00f3dulo de &#8220;Usuarios&#8221; con sus datos personales y otorgarles correspondiente perfil&nbsp;<\/span><\/span><\/span><\/p>\n\n\n\n\n\n\n<p style=\"text-align: justify; \"><span id=\"docs-internal-guid-4f0ec4cb-7fff-cf5f-8e44-209fa8d1a1d9\"><span style=\"font-size: 18px; font-family: Arial; background-color: transparent; font-variant-numeric: normal; font-variant-east-asian: normal; vertical-align: baseline; white-space: pre-wrap; color: rgb(0, 0, 0);\">Inspectores Fiscales, Residentes y Especialistas.<\/span><\/span><\/p>\n\n\n\n\n\n\n<p style=\"text-align: justify; \"><span id=\"docs-internal-guid-ff10aeb6-7fff-c22d-1654-32770a9d24e6\"><span style=\"color: rgb(0, 0, 0);\"><span style=\"font-size: 11pt; font-family: Arial; background-color: transparent; font-variant-numeric: normal; font-variant-east-asian: normal; vertical-align: baseline; white-space: pre-wrap;\"><\/span><span style=\"font-size: 18px;\">Abrir el PDF del folio con Adobe Reader DC, solo as\u00ed tendr\u00e1 un claro acceso a los certificados que acreditan la firma en un documento. Si su computador no cuenta con esta aplicaci\u00f3n de visualizaci\u00f3n de documentos, desc\u00e1rguelo gratuitamente aqu\u00ed: https:&nbsp;<\/span><\/span><\/span><a href=\"https:\/\/get.adobe.com\/reader\/\" style=\"font-size: 12px; text-decoration-line: none;\"><span style=\"font-size: 18px; font-family: Arial; color: rgb(17, 85, 204); background-color: transparent; font-variant-numeric: normal; font-variant-east-asian: normal; text-decoration-line: underline; text-decoration-skip-ink: none; vertical-align: baseline; white-space: pre-wrap;\">https:\/\/get.adobe.com\/reader\/<\/span><\/a><\/p>\n\n\n\n\n\n\n\n<p><span id=\"docs-internal-guid-39399b0f-7fff-cbdb-cca4-428739374dad\"><span style=\"font-size: 18px; font-family: Arial; background-color: transparent; font-variant-numeric: normal; font-variant-east-asian: normal; vertical-align: baseline; white-space: pre-wrap; color: rgb(0, 0, 0);\">El 5\u00ba d\u00eda h\u00e1bil de cada mes.<\/span><\/span><\/p>\n\n\n\n\n\n\n\n<p style=\"text-align: justify; \"><span id=\"docs-internal-guid-1c624b1e-7fff-791d-59f1-fb199145093c\"><span style=\"font-size: 18px; font-family: Arial; background-color: transparent; font-variant-numeric: normal; font-variant-east-asian: normal; vertical-align: baseline; white-space: pre-wrap; color: rgb(0, 0, 0);\">No, el ingreso de datos en los informes mensuales es paralelo y complementario.<\/span><\/span><\/p>\n\n\n\n\n\n\n\n\n\n\n\n\n\n\n<p style=\"text-align: justify;\"><span id=\"docs-internal-guid-83d9184a-7fff-bf74-1333-e573046e4f31\"><span style=\"font-size: 18px; font-family: Arial; background-color: transparent; font-variant-numeric: normal; font-variant-east-asian: normal; vertical-align: baseline; white-space: pre-wrap; color: rgb(0, 0, 0);\">El cobro del servicio es por mes adelantado, la facturaci\u00f3n puede pagarse a trav\u00e9s de dep\u00f3sitos o transferencias bancarias.<\/span><\/span><\/p>\n\n\n\n\n\n\n\n<p style=\"text-align: justify; \"><span id=\"docs-internal-guid-be10c849-7fff-ec9b-6377-56f3ffdfbdaa\"><span style=\"font-size: 18px; font-family: Arial; background-color: transparent; font-variant-numeric: normal; font-variant-east-asian: normal; vertical-align: baseline; white-space: pre-wrap; color: rgb(0, 0, 0);\">El cobro del valor mensual dura hasta que se emita el folio de recepci\u00f3n provisoria de la obra, donde se suspenden las actividades administrativas de cobranza; si en el per\u00edodo entre la recepci\u00f3n provisoria y definitiva se realizan actividades en el contrato, se cobra s\u00f3lo el mes de su uso.<\/span><\/span><\/p>\n\n\n\n\n\n\n\n<p style=\"text-align: justify; \"><span id=\"docs-internal-guid-b712ec61-7fff-4c26-2c3d-2252df1c6282\"><span style=\"font-size: 18px; font-family: Arial; background-color: transparent; font-variant-numeric: normal; font-variant-east-asian: normal; vertical-align: baseline; white-space: pre-wrap; color: rgb(0, 0, 0);\">Una vez terminada la obra, la documentaci\u00f3n permanece publicada por un per\u00edodo de 5 a\u00f1os.<\/span><\/span><\/p>\n\n\n\n\n\n\n\n\n\n\n\n\n<h2>Si a\u00fan tiene preguntas, puede comunicarse con nosotros a trav\u00e9s del formulario de contacto o simplemente llamarnos.<\/h2>\n\n\n\n\n<h2 style=\"margin: 0px; padding: 0px; border: 0px; font-variant-numeric: inherit; font-variant-east-asian: inherit; font-variant-alternates: inherit; font-variant-position: inherit; font-variant-emoji: inherit; font-stretch: inherit; font-size: 1.75em; line-height: 1.5em; font-family: Raleway, sans-serif; font-optical-sizing: inherit; font-size-adjust: inherit; font-kerning: inherit; font-feature-settings: inherit; font-variation-settings: inherit; vertical-align: baseline; color: rgb(71, 71, 71); overflow-wrap: break-word; text-align: center;\">Si a\u00fan tiene preguntas, puede comunicarse con nosotros a trav\u00e9s del formulario de contacto o simplemente llamarnos.<\/h2>\n\n\n\n\n\n\n\n","protected":false},"excerpt":{"rendered":"","protected":false},"author":1,"featured_media":0,"parent":0,"menu_order":0,"comment_status":"closed","ping_status":"closed","template":"","meta":{"footnotes":""},"class_list":["post-135","page","type-page","status-publish","hentry"],"_links":{"self":[{"href":"https:\/\/ltec.cl\/site\/wp-json\/wp\/v2\/pages\/135","targetHints":{"allow":["GET"]}}],"collection":[{"href":"https:\/\/ltec.cl\/site\/wp-json\/wp\/v2\/pages"}],"about":[{"href":"https:\/\/ltec.cl\/site\/wp-json\/wp\/v2\/types\/page"}],"author":[{"embeddable":true,"href":"https:\/\/ltec.cl\/site\/wp-json\/wp\/v2\/users\/1"}],"replies":[{"embeddable":true,"href":"https:\/\/ltec.cl\/site\/wp-json\/wp\/v2\/comments?post=135"}],"version-history":[{"count":43,"href":"https:\/\/ltec.cl\/site\/wp-json\/wp\/v2\/pages\/135\/revisions"}],"predecessor-version":[{"id":1157,"href":"https:\/\/ltec.cl\/site\/wp-json\/wp\/v2\/pages\/135\/revisions\/1157"}],"wp:attachment":[{"href":"https:\/\/ltec.cl\/site\/wp-json\/wp\/v2\/media?parent=135"}],"curies":[{"name":"wp","href":"https:\/\/api.w.org\/{rel}","templated":true}]}}