{"id":517,"date":"2021-03-11T20:27:41","date_gmt":"2021-03-12T00:27:41","guid":{"rendered":"https:\/\/ltec.cl\/site\/services\/"},"modified":"2022-03-21T15:44:49","modified_gmt":"2022-03-21T19:44:49","slug":"info_1","status":"publish","type":"page","link":"https:\/\/ltec.cl\/site\/en\/info_1\/","title":{"rendered":"Un a\u00f1o clave para las energ\u00edas limpias en Chile"},"content":{"rendered":"<h2>Un a\u00f1o clave para las energ\u00edas limpias en Chile  \n<\/h2>\n\n\n\n\n\n\n\n\n\n\n\n\n<p>En la \u00faltima Cumbre Prosur, el Presidente Sebasti\u00e1n Pi\u00f1era fue enf\u00e1tico en se\u00f1alar que \u201cAm\u00e9rica Latina ser\u00e1 la pr\u00f3xima OPEP de energ\u00edas limpias del mundo\u201d, pero para ello, expertos concuerdan que aprovechar al m\u00e1ximo el potencial que tiene esta regi\u00f3n.<\/p><br><p>Justamente eso es lo que pretende hacer Chile durante este 2022, periodo en el cual llevar\u00e1 a cabo una serie de proyectos que van en l\u00ednea con el desarrollo de nuevas fuentes energ\u00e9ticas.<\/p><br><p>Del total de iniciativas, hay tres ejes que sobresalen: Una nueva ley de almacenamiento y electromovilidad, una s\u00f3lida inversi\u00f3n en hidr\u00f3geno verde y la construcci\u00f3n de una nueva megal\u00ednea de transmisi\u00f3n.<\/p><p><br><\/p>\n\n\n\n\n\n<h1>Ley que potenciar\u00e1 el almacenamiento<\/h1><div><br><\/div><p>Terminando el 2021, se inici\u00f3 la discusi\u00f3n en el Congreso sobre la futura ley que permitir\u00e1 el desarrollo del almacenamiento energ\u00e9tico en Chile.<\/p><p><br><\/p><p>La idea de la iniciativa impulsada por el Ministerio de Energ\u00eda, es que durante los pr\u00f3ximos a\u00f1os se vayan generando centrales en donde exclusivamente se almacene electricidad, con el objetivo de recurrir a esta energ\u00eda guardada en los momentos de mayor demanda.<\/p><p><br><\/p><h1>Inversi\u00f3n en hidr\u00f3geno<\/h1><p><br><\/p><p>Adicionalmente, este a\u00f1o se desarrollar\u00e1 una gran cantidad de proyectos relacionados al hidr\u00f3geno verde, catalogado mundialmente como el \u201ccombustible del futuro\u201d.<\/p><br><p>Seg\u00fan inform\u00f3 Energ\u00eda, seis empresas comenzar\u00e1n a desarrollar proyectos ligados a la Estrategia Nacional de Hidr\u00f3geno este a\u00f1o, los que deber\u00edan instalar una potencia de al menos 10 MW cada uno de aqu\u00ed a 2025. Con ello, se espera que se produzcan m\u00e1s de 45 mil toneladas de hidr\u00f3geno verde al a\u00f1o.<\/p>\n\n\n\n\n\n\n\n\n\n\n\n\n\n\n<h1>Kimal \u2013 Lo Aguirre<\/h1><div><br><\/div><p>Sin embargo, uno de los proyectos m\u00e1s importantes y de mayor envergadura que se comenzar\u00e1 a gestar este a\u00f1o es la construcci\u00f3n de la megal\u00ednea Kimal \u2013 Lo Aguirre.<\/p><br><p>La instalaci\u00f3n ligada al mundo de la transmisi\u00f3n, tendr\u00e1 una longitud de casi 2.000 kil\u00f3metros, abarcando el territorio chileno comprendido entre Antofagasta y la Regi\u00f3n Metropolitana. \u00bfSu objetivo? Transportar la energ\u00eda renovable generada en el norte del pa\u00eds, a las zonas centro y sur del pa\u00eds.<\/p><p><br><\/p><p>Fuente: https:\/\/www.eldesconcierto.cl\/bienes-comunes\/2022\/02\/18\/2022-clave-para-las-energias-limpias-en-chile.html<\/p>","protected":false},"excerpt":{"rendered":"","protected":false},"author":1,"featured_media":0,"parent":0,"menu_order":0,"comment_status":"closed","ping_status":"closed","template":"","meta":{"footnotes":""},"class_list":["post-517","page","type-page","status-publish","hentry"],"_links":{"self":[{"href":"https:\/\/ltec.cl\/site\/en\/wp-json\/wp\/v2\/pages\/517","targetHints":{"allow":["GET"]}}],"collection":[{"href":"https:\/\/ltec.cl\/site\/en\/wp-json\/wp\/v2\/pages"}],"about":[{"href":"https:\/\/ltec.cl\/site\/en\/wp-json\/wp\/v2\/types\/page"}],"author":[{"embeddable":true,"href":"https:\/\/ltec.cl\/site\/en\/wp-json\/wp\/v2\/users\/1"}],"replies":[{"embeddable":true,"href":"https:\/\/ltec.cl\/site\/en\/wp-json\/wp\/v2\/comments?post=517"}],"version-history":[{"count":19,"href":"https:\/\/ltec.cl\/site\/en\/wp-json\/wp\/v2\/pages\/517\/revisions"}],"predecessor-version":[{"id":729,"href":"https:\/\/ltec.cl\/site\/en\/wp-json\/wp\/v2\/pages\/517\/revisions\/729"}],"wp:attachment":[{"href":"https:\/\/ltec.cl\/site\/en\/wp-json\/wp\/v2\/media?parent=517"}],"curies":[{"name":"wp","href":"https:\/\/api.w.org\/{rel}","templated":true}]}}