{"id":30,"date":"2021-03-11T20:27:41","date_gmt":"2021-03-11T20:27:41","guid":{"rendered":"https:\/\/ltec.cl\/site\/services\/"},"modified":"2025-05-15T13:48:51","modified_gmt":"2025-05-15T17:48:51","slug":"services","status":"publish","type":"page","link":"https:\/\/ltec.cl\/site\/en\/services\/","title":{"rendered":"Services"},"content":{"rendered":"<h1>Services<\/h>\n\n\n\n\n\n\n\n\n\n\n\n\n\n\n\n\n\n\n<p style=\"text-align: center;\"><span data-metadata=\"<!--(figmeta)eyJmaWxlS2V5IjoibEY1RkNpSjg0U0RCM2VOVzEyODlPaiIsInBhc3RlSUQiOjExMjE2OTg1NjYsImRhdGFUeXBlIjoic2NlbmUifQo=(\/figmeta)-->&#8220;><\/span><span data-buffer=\"<!--no numeric noise key 1055-->&#8220;><\/span><span style=\"font-size: 16px;\"><strong>GESTOB: Digital Construction Logbook<\/strong><\/span><\/p><span style=\"font-size: 15px;\">Digital Construction Logbooks that facilitate management at every stage of a project and ensure 24\/7 availability for MOP contracts and Private Clients.&nbsp;<\/span><p style=\"text-align: justify;\"><span style=\"white-space:pre-wrap;\"><\/span><\/p>\n\n\n\n\n\n\n\n<p style=\"text-align: center;\"><strong><span style=\"font-size: 16px;\">E-learning and Training<\/span><\/strong><\/p><p style=\"text-align: justify;\"><span data-metadata=\"<!--(figmeta)eyJmaWxlS2V5IjoibEY1RkNpSjg0U0RCM2VOVzEyODlPaiIsInBhc3RlSUQiOjM3NjEzODY2NywiZGF0YVR5cGUiOiJzY2VuZSJ9Cg==(\/figmeta)-->&#8220;><\/span><span data-buffer=\"<!--no numeric noise key 1053-->&#8220;><\/span><span style=\"white-space: pre-wrap; font-size: 15px;\">Training solutions through E-Learning modules.<\/span><\/p><span><\/span>\n\n\n\n\n\n\n\n<p style=\"text-align: center;\"><span data-metadata=\"<!--(figmeta)eyJmaWxlS2V5IjoibEY1RkNpSjg0U0RCM2VOVzEyODlPaiIsInBhc3RlSUQiOjE2MDk3MTA1OTYsImRhdGFUeXBlIjoic2NlbmUifQo=(\/figmeta)-->&#8220;><\/span><span data-buffer=\"<!--no numeric noise key 1051-->&#8220;><\/span><span style=\"white-space: pre-wrap; font-size: 16px;\"><strong>Mobile App<\/strong><\/span><\/p><p style=\"text-align: justify;\"><span style=\"font-size: 15px; white-space-collapse: preserve;\"><span data-metadata=\"<!--(figmeta)eyJmaWxlS2V5IjoibEY1RkNpSjg0U0RCM2VOVzEyODlPaiIsInBhc3RlSUQiOjM3NjEzODY2NywiZGF0YVR5cGUiOiJzY2VuZSJ9Cg==(\/figmeta)-->&#8220;><\/span>Sistema m\u00f3vil ON y OFF Line para la gesti\u00f3n de obras, con opci\u00f3n de firmar folios con Firmas Avanzadas del Estado y privadas On-line, firmas simples con Pin. Disponible en AppStore&nbsp;y&nbsp;GooglePlay.<\/span><\/p><span><\/span><p style=\"text-align: center;\"><span data-metadata=\"<!--(figmeta)eyJmaWxlS2V5IjoibEY1RkNpSjg0U0RCM2VOVzEyODlPaiIsInBhc3RlSUQiOjE2OTY2OTMxOTMsImRhdGFUeXBlIjoic2NlbmUifQo=(\/figmeta)-->&#8220;><\/span><span data-buffer=\"<!--no numeric noise key 1048-->&#8220;><\/span><span style=\"white-space: pre-wrap; font-size: 16px;\"><strong>Multiclient Construction Logbook<\/strong><\/span><\/p><p style=\"text-align: justify;\"><span style=\"font-size: 15px;\">Servicio de LOD que integra m\u00faltiples mandantes privados, distintos contratistas y proyectos, con est\u00e1ndares industriales, firmas digitales multifirma de folio y funcionalidades operativas completas. En el segundo semestre de este 2025, estar\u00e1 disponible para nuestros clientes, el m\u00f3dulo de Estado de Pago.<\/span><\/p><span style=\"white-space:pre-wrap;\"><\/span><span><\/span>\n\n\n\n\n\n\n\n\n<p style=\"margin: 0px; padding: 0px; border: 0px; font-variant-numeric: inherit; font-variant-east-asian: inherit; font-variant-alternates: inherit; font-variant-position: inherit; font-variant-emoji: inherit; font-stretch: inherit; font-size: 16px; line-height: 1.5; font-family: Raleway, sans-serif; font-optical-sizing: inherit; font-size-adjust: inherit; font-kerning: inherit; font-feature-settings: inherit; font-variation-settings: inherit; vertical-align: baseline; overflow-wrap: break-word; color: rgb(68, 68, 68); text-align: center;\"><span style=\"margin: 0px; padding: 0px; border: 0px; font-style: inherit; font-variant: inherit; font-weight: inherit; font-stretch: inherit; line-height: inherit; font-family: inherit; font-optical-sizing: inherit; font-size-adjust: inherit; font-kerning: inherit; font-feature-settings: inherit; font-variation-settings: inherit; vertical-align: baseline; overflow-wrap: break-word;\"><span style=\"font-weight: 700; margin: 0px; padding: 0px; border: 0px; font-style: inherit; font-variant: inherit; font-stretch: inherit; font-size: inherit; line-height: inherit; font-family: inherit; font-optical-sizing: inherit; font-size-adjust: inherit; font-kerning: inherit; font-feature-settings: inherit; font-variation-settings: inherit; vertical-align: baseline; color: rgb(71, 71, 71); overflow-wrap: break-word;\">GESTOB: Digital Construction Logbook<\/span><\/span><\/p><p style=\"text-align: justify; \"><span style=\"margin: 0px; padding: 0px; border: 0px; font-variant-numeric: inherit; font-variant-east-asian: inherit; font-variant-alternates: inherit; font-variant-position: inherit; font-variant-emoji: inherit; font-stretch: inherit; font-size: 15px; line-height: inherit; font-family: Raleway, sans-serif; font-optical-sizing: inherit; font-size-adjust: inherit; font-kerning: inherit; font-feature-settings: inherit; font-variation-settings: inherit; vertical-align: baseline; overflow-wrap: break-word; color: rgb(68, 68, 68);\">Libros de Obra Digital que facilitan la gesti\u00f3n en toda etapa de una obra y aseguran disponibilidad 24\/7 para contratos MOP y Mandantes Privados.&nbsp;<\/span><\/p>\n\n<p style=\"text-align: center;\"><span style=\"font-weight: bolder;\"><span style=\"font-size: 16px;\">E-learning and Training<\/span><\/span><\/p><p style=\"text-align: justify;\"><span data-metadata=\"<!--(figmeta)eyJmaWxlS2V5IjoibEY1RkNpSjg0U0RCM2VOVzEyODlPaiIsInBhc3RlSUQiOjM3NjEzODY2NywiZGF0YVR5cGUiOiJzY2VuZSJ9Cg==(\/figmeta)-->&#8220;><\/span><span data-buffer=\"<!--no numeric noise key 1046-->&#8220;><\/span><span style=\"white-space-collapse: preserve; font-size: 15px;\">Training solutions through E-Learning modules.<\/span><\/p>\n\n<p style=\"margin: 0px; padding: 0px; border: 0px; font-variant-numeric: inherit; font-variant-east-asian: inherit; font-variant-alternates: inherit; font-variant-position: inherit; font-variant-emoji: inherit; font-stretch: inherit; font-size: 16px; line-height: 1.5; font-family: Raleway, sans-serif; font-optical-sizing: inherit; font-size-adjust: inherit; font-kerning: inherit; font-feature-settings: inherit; font-variation-settings: inherit; vertical-align: baseline; overflow-wrap: break-word; color: rgb(68, 68, 68); text-align: center;\"><span style=\"margin: 0px; padding: 0px; border: 0px; font-style: inherit; font-variant: inherit; font-weight: inherit; font-stretch: inherit; line-height: inherit; font-family: inherit; font-optical-sizing: inherit; font-size-adjust: inherit; font-kerning: inherit; font-feature-settings: inherit; font-variation-settings: inherit; vertical-align: baseline; overflow-wrap: break-word; white-space-collapse: preserve;\"><span style=\"font-weight: 700; margin: 0px; padding: 0px; border: 0px; font-style: inherit; font-variant: inherit; font-stretch: inherit; font-size: inherit; line-height: inherit; font-family: inherit; font-optical-sizing: inherit; font-size-adjust: inherit; font-kerning: inherit; font-feature-settings: inherit; font-variation-settings: inherit; vertical-align: baseline; color: rgb(71, 71, 71); overflow-wrap: break-word;\">Mobile App<\/span><\/span><\/p><p style=\"margin: 0px; padding: 0px; border: 0px; font-variant-numeric: inherit; font-variant-east-asian: inherit; font-variant-alternates: inherit; font-variant-position: inherit; font-variant-emoji: inherit; font-stretch: inherit; font-size: 16px; line-height: 1.5; font-family: Raleway, sans-serif; font-optical-sizing: inherit; font-size-adjust: inherit; font-kerning: inherit; font-feature-settings: inherit; font-variation-settings: inherit; vertical-align: baseline; overflow-wrap: break-word; color: rgb(68, 68, 68); text-align: justify;\"><span style=\"margin: 0px; padding: 0px; border: 0px; font-style: inherit; font-variant: inherit; font-weight: inherit; font-stretch: inherit; font-size: 15px; line-height: inherit; font-family: inherit; font-optical-sizing: inherit; font-size-adjust: inherit; font-kerning: inherit; font-feature-settings: inherit; font-variation-settings: inherit; vertical-align: baseline; overflow-wrap: break-word; white-space-collapse: preserve;\"><span data-metadata=\"<!--(figmeta)eyJmaWxlS2V5IjoibEY1RkNpSjg0U0RCM2VOVzEyODlPaiIsInBhc3RlSUQiOjM3NjEzODY2NywiZGF0YVR5cGUiOiJzY2VuZSJ9Cg==(\/figmeta)-->&#8221; style=&#8221;margin: 0px; padding: 0px; border: 0px; font: inherit; vertical-align: baseline; overflow-wrap: break-word;&#8221;><\/span>Sistema m\u00f3vil ON y OFF Line para la gesti\u00f3n de obras, con opci\u00f3n de firmar folios con Firmas Avanzadas del Estado y privadas On-line, firmas simples con Pin. Disponible en AppStore&nbsp;y&nbsp;GooglePlay.<\/span><\/p><p style=\"margin: 0px; padding: border: font-variant-numeric: inherit; font-variant-east-asian: font-variant-alternates: font-variant-position: font-variant-emoji: font-stretch: font-size: 16px; line-height: 1.5; font-family: raleway, sans-serif; font-optical-sizing: font-size-adjust: font-kerning: font-feature-settings: font-variation-settings: vertical-align: baseline; overflow-wrap: break-word; color: rgb(68, 68, 68); text-align: center;\"><span style=\"margin: 0px; padding: 0px; border: 0px; font-style: inherit; font-variant: inherit; font-weight: inherit; font-stretch: inherit; line-height: inherit; font-family: inherit; font-optical-sizing: inherit; font-size-adjust: inherit; font-kerning: inherit; font-feature-settings: inherit; font-variation-settings: inherit; vertical-align: baseline; overflow-wrap: break-word; white-space-collapse: preserve;\"><span style=\"font-weight: 700; margin: 0px; padding: 0px; border: 0px; font-style: inherit; font-variant: inherit; font-stretch: inherit; font-size: inherit; line-height: inherit; font-family: inherit; font-optical-sizing: inherit; font-size-adjust: inherit; font-kerning: inherit; font-feature-settings: inherit; font-variation-settings: inherit; vertical-align: baseline; color: rgb(71, 71, 71); overflow-wrap: break-word;\">Multiclient Construction Logbook<\/span><\/span><\/p><p style=\"margin: 0px; padding: 0px; border: 0px; font-variant-numeric: inherit; font-variant-east-asian: inherit; font-variant-alternates: inherit; font-variant-position: inherit; font-variant-emoji: inherit; font-stretch: inherit; font-size: 16px; line-height: 1.5; font-family: Raleway, sans-serif; font-optical-sizing: inherit; font-size-adjust: inherit; font-kerning: inherit; font-feature-settings: inherit; font-variation-settings: inherit; vertical-align: baseline; overflow-wrap: break-word; color: rgb(68, 68, 68); text-align: justify;\"><span style=\"margin: 0px; padding: 0px; border: 0px; font-style: inherit; font-variant: inherit; font-weight: inherit; font-stretch: inherit; font-size: 15px; line-height: inherit; font-family: inherit; font-optical-sizing: inherit; font-size-adjust: inherit; font-kerning: inherit; font-feature-settings: inherit; font-variation-settings: inherit; vertical-align: baseline; overflow-wrap: break-word;\"><span style=\"background-color: transparent;\">Servicio de LOD que integra m\u00faltiples mandantes privados, distintos contratistas y proyectos, con est\u00e1ndares industriales, firmas digitales multifirma de folio y funcionalidades operativas completas. En el segundo semestre de este 2025, estar\u00e1 disponible para nuestros clientes, el m\u00f3dulo de Estado de Pago<\/span>.<\/span><\/p>\n\n\n\n\n\n\n\n\n<span data-metadata=\"<!--(figmeta)eyJmaWxlS2V5IjoibEY1RkNpSjg0U0RCM2VOVzEyODlPaiIsInBhc3RlSUQiOjE4MTM3NTU0MzAsImRhdGFUeXBlIjoic2NlbmUifQo=(\/figmeta)-->&#8220;><\/span><span data-buffer=\"<!--no numeric noise key 1043-->&#8220;><\/span><span><\/span><p><strong><span>Digital Construction Logbook<\/span><\/strong><\/p><p><strong><span><br><\/span><\/strong><\/p><p style=\"text-align: justify;\"><span>Digital Construction Logbook (LOD) is a cross-platform system designed to facilitate the management of the Construction Logbook, ensuring secure data backup and one-click access.<\/span><\/p><p style=\"text-align: justify;\"><span data-metadata=\"<!--(figmeta)eyJmaWxlS2V5IjoibEY1RkNpSjg0U0RCM2VOVzEyODlPaiIsInBhc3RlSUQiOjQ1MjkyNjY4NywiZGF0YVR5cGUiOiJzY2VuZSJ9Cg==(\/figmeta)-->&#8220;><\/span><span data-buffer=\"<!--no numeric noise key 1041-->&#8220;><\/span><span><span>Easy to use, stable, and secure, it meets the requirements set by the MOP of Chile. The system includes: <\/span><br><\/span><\/p>\n\n<span data-metadata=\"<!--(figmeta)eyJmaWxlS2V5IjoibEY1RkNpSjg0U0RCM2VOVzEyODlPaiIsInBhc3RlSUQiOjE5Mzg0MzgyOTMsImRhdGFUeXBlIjoic2NlbmUifQo=(\/figmeta)-->&#8220;><\/span><span data-buffer=\"<!--no numeric noise key 1039-->&#8220;><\/span><span>User profile modules, folios, and organized files. <\/span>\n<span data-metadata=\"<!--(figmeta)eyJmaWxlS2V5IjoibEY1RkNpSjg0U0RCM2VOVzEyODlPaiIsInBhc3RlSUQiOjEzNTA4MzQ5OSwiZGF0YVR5cGUiOiJzY2VuZSJ9Cg==(\/figmeta)-->&#8220;><\/span><span data-buffer=\"<!--no numeric noise key 1037-->&#8220;><\/span><span style=\"white-space:pre-wrap;\">Advanced electronic signature and 24\/7 availability.<\/span>\n<span data-metadata=\"<!--(figmeta)eyJmaWxlS2V5IjoibEY1RkNpSjg0U0RCM2VOVzEyODlPaiIsInBhc3RlSUQiOjU4MDcwMzU3LCJkYXRhVHlwZSI6InNjZW5lIn0K(\/figmeta)-->&#8220;><\/span><span data-buffer=\"<!--no numeric noise key 1035-->&#8220;><\/span><span style=\"white-space:pre-wrap;\">It allows real-time communication between Inspectors and Residents, with online notifications and mobile access to incidents, reports, and records.<\/span>\n\n\n\n\n\n\n<span data-metadata=\"<!--(figmeta)eyJmaWxlS2V5IjoibEY1RkNpSjg0U0RCM2VOVzEyODlPaiIsInBhc3RlSUQiOjE4MTM3NTU0MzAsImRhdGFUeXBlIjoic2NlbmUifQo=(\/figmeta)-->&#8220;><\/span><span data-buffer=\"<!--no numeric noise key 1033-->&#8220;><\/span><span><\/span><p><strong><span>Digital Construction Logbook<\/span><\/strong><\/p><p><strong><span><br><\/span><\/strong><\/p><p style=\"text-align: justify;\"><span>Digital Construction Logbook (LOD) is a cross-platform system designed to facilitate the management of the Construction Logbook, ensuring secure data backup and one-click access.<\/span><\/p><p style=\"text-align: justify;\"><span data-metadata=\"<!--(figmeta)eyJmaWxlS2V5IjoibEY1RkNpSjg0U0RCM2VOVzEyODlPaiIsInBhc3RlSUQiOjQ1MjkyNjY4NywiZGF0YVR5cGUiOiJzY2VuZSJ9Cg==(\/figmeta)-->&#8220;><\/span><span data-buffer=\"<!--no numeric noise key 1031-->&#8220;><\/span><span><span>Easy to use, stable, and secure, it meets the requirements set by the MOP of Chile. The system includes: <\/span><br><\/span><\/p>\n\n<span data-metadata=\"<!--(figmeta)eyJmaWxlS2V5IjoibEY1RkNpSjg0U0RCM2VOVzEyODlPaiIsInBhc3RlSUQiOjE5Mzg0MzgyOTMsImRhdGFUeXBlIjoic2NlbmUifQo=(\/figmeta)-->&#8220;><\/span><span data-buffer=\"<!--no numeric noise key 1029-->&#8220;><\/span><span>User profile modules, folios, and organized files. <\/span>\n<span data-metadata=\"<!--(figmeta)eyJmaWxlS2V5IjoibEY1RkNpSjg0U0RCM2VOVzEyODlPaiIsInBhc3RlSUQiOjEzNTA4MzQ5OSwiZGF0YVR5cGUiOiJzY2VuZSJ9Cg==(\/figmeta)-->&#8220;><\/span><span data-buffer=\"<!--no numeric noise key 1027-->&#8220;><\/span><span style=\"white-space:pre-wrap;\">Advanced electronic signature and 24\/7 availability.<\/span>\n<span data-metadata=\"<!--(figmeta)eyJmaWxlS2V5IjoibEY1RkNpSjg0U0RCM2VOVzEyODlPaiIsInBhc3RlSUQiOjU4MDcwMzU3LCJkYXRhVHlwZSI6InNjZW5lIn0K(\/figmeta)-->&#8220;><\/span><span data-buffer=\"<!--no numeric noise key 1025-->&#8220;><\/span><span style=\"white-space:pre-wrap;\">It allows real-time communication between Inspectors and Residents, with online notifications and mobile access to incidents, reports, and records.<\/span>\n\n\n\n\n\n\n<p><strong><span data-metadata=\"<!--(figmeta)eyJmaWxlS2V5IjoibEY1RkNpSjg0U0RCM2VOVzEyODlPaiIsInBhc3RlSUQiOjU1MjM3MTMxNSwiZGF0YVR5cGUiOiJzY2VuZSJ9Cg==(\/figmeta)-->&#8220;><\/span><span data-buffer=\"<!--no numeric noise key 1023-->&#8220;><\/span><\/strong><span style=\"white-space:pre-wrap;\"><strong style=\"font-size: 17px;\">GESTOB<\/strong>:<\/span><\/p><span style=\"white-space:pre-wrap;\"><br><\/span><p style=\"text-align: justify;\"><span data-metadata=\"<!--(figmeta)eyJmaWxlS2V5IjoibEY1RkNpSjg0U0RCM2VOVzEyODlPaiIsInBhc3RlSUQiOjk5NjQzNDcwOCwiZGF0YVR5cGUiOiJzY2VuZSJ9Cg==(\/figmeta)-->&#8220;><\/span><span data-buffer=\"<!--no numeric noise key 1021-->&#8220;><\/span><span style=\"white-space: pre-wrap; font-size: 15px;\">Is a system designed for private client construction contracts, easy to use, intuitive, stable, secure, and compliant with digital logbook standards in Chile.<\/span><\/p><span style=\"white-space: pre-wrap; font-size: 15px;\"><br><\/span><p style=\"text-align: justify;\"><span data-metadata=\"<!--(figmeta)eyJmaWxlS2V5IjoibEY1RkNpSjg0U0RCM2VOVzEyODlPaiIsInBhc3RlSUQiOjEyNTA5OTkwMDUsImRhdGFUeXBlIjoic2NlbmUifQo=(\/figmeta)-->&#8220;><\/span><span data-buffer=\"<!--no numeric noise key 1019-->&#8220;><\/span><span style=\"white-space: pre-wrap; font-size: 15px;\">Incluye perfiles de usuarios, folios y archivos organizados, firma electr\u00f3nica avanzada y disponibilidad 24\/7. Permite una comunicaci\u00f3n fluida entre ITO&#8217;s y Residentes, con notificaciones online, y acceso a incidentes, informes y registros desde tu celular.<\/span><\/p>\n\n\n\n\n\n\n\n\n\n<p><strong><span data-metadata=\"<!--(figmeta)eyJmaWxlS2V5IjoibEY1RkNpSjg0U0RCM2VOVzEyODlPaiIsInBhc3RlSUQiOjU1MjM3MTMxNSwiZGF0YVR5cGUiOiJzY2VuZSJ9Cg==(\/figmeta)-->&#8220;><\/span><span data-buffer=\"<!--no numeric noise key 1017-->&#8220;><\/span><\/strong><span style=\"white-space:pre-wrap;\"><strong style=\"font-size: 17px;\">GESTOB<\/strong>:<\/span><\/p><span style=\"white-space:pre-wrap;\"><br><\/span><p style=\"text-align: justify;\"><span data-metadata=\"<!--(figmeta)eyJmaWxlS2V5IjoibEY1RkNpSjg0U0RCM2VOVzEyODlPaiIsInBhc3RlSUQiOjk5NjQzNDcwOCwiZGF0YVR5cGUiOiJzY2VuZSJ9Cg==(\/figmeta)-->&#8220;><\/span><span data-buffer=\"<!--no numeric noise key 1015-->&#8220;><\/span><span style=\"white-space: pre-wrap; font-size: 15px;\">Is a system designed for private client construction contracts, easy to use, intuitive, stable, secure, and compliant with digital logbook standards in Chile.<\/span><\/p><span style=\"white-space: pre-wrap; font-size: 15px;\"><br><\/span><p style=\"text-align: justify;\"><span data-metadata=\"<!--(figmeta)eyJmaWxlS2V5IjoibEY1RkNpSjg0U0RCM2VOVzEyODlPaiIsInBhc3RlSUQiOjEyNTA5OTkwMDUsImRhdGFUeXBlIjoic2NlbmUifQo=(\/figmeta)-->&#8220;><\/span><span data-buffer=\"<!--no numeric noise key 1013-->&#8220;><\/span><span style=\"white-space: pre-wrap; font-size: 15px;\">Incluye perfiles de usuarios, folios y archivos organizados, firma electr\u00f3nica avanzada y disponibilidad 24\/7. Permite una comunicaci\u00f3n fluida entre ITO&#8217;s y Residentes, con notificaciones online, y acceso a incidentes, informes y registros desde tu celular.<\/span><\/p>\n\n\n\n\n\n\n\n\n\n<p><span data-metadata=\"<!--(figmeta)eyJmaWxlS2V5IjoibEY1RkNpSjg0U0RCM2VOVzEyODlPaiIsInBhc3RlSUQiOjE3NDk2MjI1NDAsImRhdGFUeXBlIjoic2NlbmUifQo=(\/figmeta)-->&#8220;><\/span><span data-buffer=\"<!--no numeric noise key 1011-->&#8220;><\/span><span style=\"font-size: 17px;\"><strong>Multiclient Digital Logbook Platform<\/strong><\/span><\/p><span style=\"font-size: 17px;\"><strong><br><\/strong><\/span><p style=\"text-align: justify;\"><span data-metadata=\"<!--(figmeta)eyJmaWxlS2V5IjoibEY1RkNpSjg0U0RCM2VOVzEyODlPaiIsInBhc3RlSUQiOjYzMDgzMjI1OCwiZGF0YVR5cGUiOiJzY2VuZSJ9Cg==(\/figmeta)-->&#8220;><\/span><span data-buffer=\"<!--no numeric noise key 1009-->&#8220;><\/span><span style=\"white-space: pre-wrap; font-size: 15px;\">Digital Construction Logbook Service where multiple private clients coexist, along with their various contractors and projects. Enabled on industry standards for Digital Construction Logbooks, with different user profiles, the use of advanced and simple digital signatures, reports, and all the functionalities required for the operation of a Digital Construction Logbook.<\/span><\/p>\n\n\n\n\n\n<p><span data-metadata=\"<!--(figmeta)eyJmaWxlS2V5IjoibEY1RkNpSjg0U0RCM2VOVzEyODlPaiIsInBhc3RlSUQiOjE3NDk2MjI1NDAsImRhdGFUeXBlIjoic2NlbmUifQo=(\/figmeta)-->&#8220;><\/span><span data-buffer=\"<!--no numeric noise key 1007-->&#8220;><\/span><span style=\"font-size: 17px;\"><strong>Multiclient Digital Logbook Platform<\/strong><\/span><\/p><span style=\"font-size: 17px;\"><strong><br><\/strong><\/span><p style=\"text-align: justify;\"><span data-metadata=\"<!--(figmeta)eyJmaWxlS2V5IjoibEY1RkNpSjg0U0RCM2VOVzEyODlPaiIsInBhc3RlSUQiOjYzMDgzMjI1OCwiZGF0YVR5cGUiOiJzY2VuZSJ9Cg==(\/figmeta)-->&#8220;><\/span><span data-buffer=\"<!--no numeric noise key 1005-->&#8220;><\/span><span style=\"white-space: pre-wrap; font-size: 15px;\">Digital Construction Logbook Service where multiple private clients coexist, along with their various contractors and projects. Enabled on industry standards for Digital Construction Logbooks, with different user profiles, the use of advanced and simple digital signatures, reports, and all the functionalities required for the operation of a Digital Construction Logbook.<\/span><\/p>\n\n\n\n\n\n\n\n\n\n\n\n\n\n<span data-metadata=\"<!--(figmeta)eyJmaWxlS2V5IjoibEY1RkNpSjg0U0RCM2VOVzEyODlPaiIsInBhc3RlSUQiOjM2NjIyMjE4MCwiZGF0YVR5cGUiOiJzY2VuZSJ9Cg==(\/figmeta)-->&#8220;><\/span><span data-buffer=\"<!--no numeric noise key 1003-->&#8220;><\/span><span style=\"white-space:pre-wrap;\">Automate your processes<br> more efficiency, more control, more visibility.<\/span>\n\n\n\n\n\n<h2>Register for Training<\/h2>\n\n\n\n\n\n<h2 style=\"margin: 0px; padding: 0px; border: 0px; font-variant-numeric: inherit; font-variant-east-asian: inherit; font-variant-alternates: inherit; font-variant-position: inherit; font-variant-emoji: inherit; font-stretch: inherit; font-size: 24px; line-height: 1.5em; font-family: Raleway, sans-serif; font-optical-sizing: inherit; font-size-adjust: inherit; font-kerning: inherit; font-feature-settings: inherit; font-variation-settings: inherit; vertical-align: baseline; color: rgb(71, 71, 71); overflow-wrap: break-word; text-align: center;\">Register for Training<\/h2>\n\n\n\n\n<p><!-- Principio del widget integrado de Calendly -->\n<div class=\"calendly-inline-widget\" data-url=\"https:\/\/calendly.com\/soporte-ltec\/30min?hide_gdpr_banner=1&#038;primary_color=66bd52\" style=\"min-width:320px;height:700px;\"><\/div>\n<script type=\"text\/javascript\" src=\"https:\/\/assets.calendly.com\/assets\/external\/widget.js\" async><\/script>\n<!-- Final del widget integrado de Calendly --><\/p>","protected":false},"excerpt":{"rendered":"","protected":false},"author":1,"featured_media":0,"parent":0,"menu_order":0,"comment_status":"closed","ping_status":"closed","template":"","meta":{"footnotes":""},"class_list":["post-30","page","type-page","status-publish","hentry"],"_links":{"self":[{"href":"https:\/\/ltec.cl\/site\/en\/wp-json\/wp\/v2\/pages\/30","targetHints":{"allow":["GET"]}}],"collection":[{"href":"https:\/\/ltec.cl\/site\/en\/wp-json\/wp\/v2\/pages"}],"about":[{"href":"https:\/\/ltec.cl\/site\/en\/wp-json\/wp\/v2\/types\/page"}],"author":[{"embeddable":true,"href":"https:\/\/ltec.cl\/site\/en\/wp-json\/wp\/v2\/users\/1"}],"replies":[{"embeddable":true,"href":"https:\/\/ltec.cl\/site\/en\/wp-json\/wp\/v2\/comments?post=30"}],"version-history":[{"count":40,"href":"https:\/\/ltec.cl\/site\/en\/wp-json\/wp\/v2\/pages\/30\/revisions"}],"predecessor-version":[{"id":1145,"href":"https:\/\/ltec.cl\/site\/en\/wp-json\/wp\/v2\/pages\/30\/revisions\/1145"}],"wp:attachment":[{"href":"https:\/\/ltec.cl\/site\/en\/wp-json\/wp\/v2\/media?parent=30"}],"curies":[{"name":"wp","href":"https:\/\/api.w.org\/{rel}","templated":true}]}}