{"id":135,"date":"2021-03-19T09:52:14","date_gmt":"2021-03-19T09:52:14","guid":{"rendered":"https:\/\/ltec.cl\/site\/?page_id=135"},"modified":"2025-03-21T11:20:04","modified_gmt":"2025-03-21T15:20:04","slug":"faq","status":"publish","type":"page","link":"https:\/\/ltec.cl\/site\/en\/faq\/","title":{"rendered":"FAQ"},"content":{"rendered":"<h2>FAQ<\/h2>\n\n\n\n\n\n\n\n\n\n\n\n\n\n<p style=\"text-align: justify;\"><span style=\"font-size: 18px; background-color: rgb(255, 255, 255); color: rgb(0, 0, 0);\">The advanced electronic signature is the tool that allows electronic documents to be signed, giving them legal validity according to Law 19.799. It has full evidentiary value, making it a 'full means of proof.' Therefore, it allows the signing of contracts and documents as established by the Law, guaranteeing authentication, integrity, and non-repudiation of the documents.<\/span><\/p><span id=\"docs-internal-guid-d9a8a028-7fff-9012-9a20-5fb572a3c089\"><span style=\"font-size: 11pt; font-family: Arial; font-variant-numeric: normal; font-variant-east-asian: normal; vertical-align: baseline; white-space: pre-wrap; color: rgb(0, 0, 0); background-color: rgb(0, 0, 0);\"><\/span><\/span>\n\n\n\n\n\n\n<p style=\"text-align: justify;\"><span style=\"font-size: 18px; color: rgb(0, 0, 0);\">The government of Chile has developed an Advanced Electronic Signature for public officials in areas related to digitizing procedures that require authentication. To initiate the activation of an institution on the platform, it is necessary for the Ministry or Agency to which the institution belongs or with which it is related to have a signed agreement with Minsegpres. In LTEC, the MINSEGPRES signature is known as the OTP (One-Time Password) signature<\/span><\/p><span style=\"font-size: 18px; color: rgb(12, 12, 12);\"><\/span><span style=\"font-size: 11pt; font-family: Arial; background-color: transparent; font-weight: 400; font-style: normal; font-variant: normal; text-decoration: none; vertical-align: baseline; white-space: pre-wrap; color: rgb(0, 0, 0);\"><\/span>\n\n\n\n\n\n\n<p style=\"text-align: left;\"><span><\/span><span id=\"docs-internal-guid-7c2c0f80-7fff-84b7-2939-58401ecc17c7\"><span style=\"font-size: 11pt; font-family: Arial; background-color: transparent; font-variant-numeric: normal; font-variant-east-asian: normal; vertical-align: baseline; white-space: pre-wrap;\"><span style=\"font-size: 18px; color: rgb(0, 0, 0);\">Visit the site<\/span><span style=\"color: rgb(0, 0, 0);\"> <\/span><\/span><\/span><a href=\"https:\/\/firma.digital.gob.cl\/\" style=\"font-size: 12px; text-decoration-line: none;\"><span style=\"font-size: 13pt; font-family: Arial; color: rgb(17, 85, 204); background-color: transparent; font-variant-numeric: normal; font-variant-east-asian: normal; text-decoration-line: underline; text-decoration-skip-ink: none; vertical-align: baseline; white-space: pre-wrap;\">https:\/\/firma.digital.gob.cl\/<\/span><\/a><\/p>\n\n\n\n\n\n\n<p><span id=\"docs-internal-guid-10125376-7fff-3f16-e9ac-de6b2ba14bd3\"><span style=\"font-size: 18px; font-family: Arial; background-color: transparent; font-variant-numeric: normal; font-variant-east-asian: normal; vertical-align: baseline; white-space: pre-wrap; color: rgb(0, 0, 0);\">Fiscal Inspectors and Deputies Inspectors<\/span><\/span><\/p>\n\n\n\n\n\n\n\n<p><span id=\"docs-internal-guid-a7ef029f-7fff-e256-1146-9331dca688b2\"><span style=\"font-size: 18px; font-family: Arial; background-color: transparent; font-variant-numeric: normal; font-variant-east-asian: normal; vertical-align: baseline; white-space: pre-wrap; color: rgb(0, 0, 0);\">Residents.<\/span><\/span><\/p>\n\n\n\n\n\n\n\n<p style=\"text-align: left;\"><span id=\"docs-internal-guid-8379197d-7fff-da8c-2aa9-6c6ac0537092\"><span style=\"font-size: 18px; font-family: Arial; background-color: transparent; font-variant-numeric: normal; font-variant-east-asian: normal; vertical-align: baseline; white-space: pre-wrap; color: rgb(0, 0, 0);\">Visit the site <\/span><\/span><a href=\"https:\/\/www.entidadacreditadora.gob.cl\/entidades\/\" style=\"font-size: 12px; text-decoration-line: none;\"><span style=\"font-size: 13pt; font-family: Arial; color: rgb(17, 85, 204); background-color: transparent; font-variant-numeric: normal; font-variant-east-asian: normal; text-decoration-line: underline; text-decoration-skip-ink: none; vertical-align: baseline; white-space: pre-wrap;\">https:\/\/www.entidadacreditadora.gob.cl\/entidades\/<\/span><\/a>&nbsp;or contact soporte@ltec.cl<\/p>\n\n\n\n\n\n\n<p style=\"text-align: justify; \"><span id=\"docs-internal-guid-80f33794-7fff-72e2-f8cb-e545041cb019\"><span style=\"font-size: 18px; font-family: Arial; background-color: transparent; font-variant-numeric: normal; font-variant-east-asian: normal; vertical-align: baseline; white-space: pre-wrap; color: rgb(0, 0, 0);\">Yes, you can use an Online Advanced Signature, which can only be obtained from Ltec<\/span><\/span><\/p>\n\n\n\n\n\n\n<p style=\"text-align: justify;\"><span style=\"background-color: transparent; font-size: 16px;\">The Online Advanced Signature can only be obtained through Ltec. The process is 100% online; you only need to contact us at soporte@Ltec.cl<\/span><\/p>\n\n\n\n\n\n\n<p style=\"text-align: justify;\"><span id=\"docs-internal-guid-7c5a3dc8-7fff-59b9-594c-33210839f909\"><span style=\"font-size: 18px; font-family: Arial; background-color: transparent; font-variant-numeric: normal; font-variant-east-asian: normal; vertical-align: baseline; white-space: pre-wrap; color: rgb(0, 0, 0);\">Through the link: <\/span><\/span><a href=\"https:\/\/descargas.viafirma.com\/viafirma\/desktop\/download.html\" style=\"font-size: 12px; text-decoration-line: none;\"><span style=\"font-size: 13pt; font-family: Arial; color: rgb(17, 85, 204); background-color: transparent; font-variant-numeric: normal; font-variant-east-asian: normal; text-decoration-line: underline; text-decoration-skip-ink: none; vertical-align: baseline; white-space: pre-wrap;\">https:\/\/descargas.viafirma.com\/viafirma\/desktop\/download.html<\/span><\/a>&nbsp;<\/p>\n\n\n\n\n\n\n<p style=\"text-align: justify; \"><span id=\"docs-internal-guid-5210a96d-7fff-6f60-f11a-297be779dbd1\"><span style=\"font-size: 18px; font-family: Arial; background-color: transparent; font-variant-numeric: normal; font-variant-east-asian: normal; vertical-align: baseline; white-space: pre-wrap; color: rgb(0, 0, 0);\">Download Viafirma and follow the instructions until the end.<\/span><\/span><\/p>\n\n\n\n\n\n\n<p style=\"text-align: justify;\"><span id=\"docs-internal-guid-671f0ada-7fff-6cd1-8851-6820472a65e0\"><span style=\"color: rgb(0, 0, 0);\"><span style=\"font-size: 11pt; font-family: Arial; background-color: transparent; font-variant-numeric: normal; font-variant-east-asian: normal; vertical-align: baseline; white-space: pre-wrap;\"><\/span><span style=\"font-size: 18px;\">Debe tener previamente activa su FEA seg\u00fan los manuales de su entidad acreditadora, luego tener descargado y ejecutado el driver de viafirma en su computador, posteriormente solo tiene que hacer clic en &#8220;firmar&#8221;, insertar su EToken, seleccionar su credencial y confirmar la firma con su contrase\u00f1a del EToken.<\/span><\/span><span style=\"font-size: 11pt; font-family: Arial; color: rgb(0, 0, 0); background-color: transparent; font-variant-numeric: normal; font-variant-east-asian: normal; vertical-align: baseline; white-space: pre-wrap;\"><\/span><\/span><\/p>\n\n\n\n\n\n\nSpecialists\n\n\n\n\n\n\n<p style=\"text-align: justify;\"><span style=\"background-color: transparent; font-size: 12px;\"><span style=\"font-size: 16px;\">The specialists will be assigned a Simple Signature button to officialize their records. To use the Simple Signature, you must first create your 4-digit PIN (numeric, not to be confused with the access password to Ltec).<\/span><\/span><\/p>\n\n\n\n\n\n\n\n\n\n\n\n\n\n\n<p style=\"text-align: justify;\"><span id=\"docs-internal-guid-4022e970-7fff-3658-da20-28916daa733f\"><span style=\"color: rgb(0, 0, 0);\"><span style=\"font-size: 11pt; font-family: Arial; background-color: transparent; font-variant-numeric: normal; font-variant-east-asian: normal; vertical-align: baseline; white-space: pre-wrap;\"><\/span><span style=\"font-size: 18px;\">Check the email sent by no-reply@ltec.cl to your account and click on the 'Activate Account' link. If it does not appear in your inbox, check your Spam folder<\/span><\/span><span style=\"font-size: 11pt; font-family: Arial; color: rgb(0, 0, 0); background-color: transparent; font-variant-numeric: normal; font-variant-east-asian: normal; vertical-align: baseline; white-space: pre-wrap;\"><span style=\"font-size: 18px;\"><\/span><\/span><\/span><\/p>\n\n\n\n\n\n\n\n<p style=\"text-align: justify;\"><span id=\"docs-internal-guid-9a53f3ef-7fff-f0c0-d4ad-246fcbf04b04\"><span style=\"font-size: 18px; font-family: Arial; background-color: transparent; font-variant-numeric: normal; font-variant-east-asian: normal; vertical-align: baseline; white-space: pre-wrap; color: rgb(0, 0, 0);\">The user must be created by the resident, the Fiscal Inspector, or the LTEC support team upon their request.<\/span><\/span><\/p>\n\n\n\n\n\n\n\n<p style=\"text-align: justify;\"><span id=\"docs-internal-guid-60222499-7fff-0ffe-fedc-df482bd86c6e\"><span style=\"font-size: 18px; font-family: Arial; background-color: transparent; font-variant-numeric: normal; font-variant-east-asian: normal; vertical-align: baseline; white-space: pre-wrap; color: rgb(0, 0, 0);\">En la p\u00e1gina de Login pulse &#8220;Cambiar Contrase\u00f1a&#8221; y busque el link individual de solicitud de cambio de contrase\u00f1a que ser\u00e1 enviado a su correo.<\/span><\/span><\/p>\n\n\n\n\n\n\n<p style=\"text-align: justify;\"><span id=\"docs-internal-guid-6711ce4e-7fff-0f4d-dc0c-b676165aeff6\"><span style=\"font-size: 18px; font-family: Arial; background-color: transparent; font-variant-numeric: normal; font-variant-east-asian: normal; vertical-align: baseline; white-space: pre-wrap; color: rgb(0, 0, 0);\">Verify that your email is correctly entered and that your account is active. A Resident, Inspector, Specialist, Assistant, or Visitor should not select administrator login. If the problem persists, contact support.<\/span><\/span><\/p>\n\n\n\n\n\n\n\n\n\n\n\n\n\n\n<p style=\"text-align: justify; \"><span id=\"docs-internal-guid-304331cc-7fff-bac2-a033-5549c2e3f7e6\"><span style=\"font-size: 18px; font-family: Arial; background-color: transparent; font-variant-numeric: normal; font-variant-east-asian: normal; vertical-align: baseline; white-space: pre-wrap; color: rgb(0, 0, 0);\">You must fill in the required fields, save the record as a draft, and then attach the files.<\/span><\/span><\/p>\n\n\n\n\n\n\n<p style=\"text-align: justify;\"><span id=\"docs-internal-guid-315ac097-7fff-c967-70dc-16e3977b0580\"><span style=\"font-size: 18px; font-family: Arial; background-color: transparent; font-variant-numeric: normal; font-variant-east-asian: normal; vertical-align: baseline; white-space: pre-wrap; color: rgb(0, 0, 0);\">Yes, but with a suggested file size limit of 100MB.<\/span><\/span><\/p>\n\n\n\n\n\n\n<p style=\"text-align: justify;\"><span id=\"docs-internal-guid-ef200ffd-7fff-fe80-bdc3-9d783cd3795a\"><span style=\"font-size: 18px; font-family: Arial; background-color: transparent; font-variant-numeric: normal; font-variant-east-asian: normal; vertical-align: baseline; white-space: pre-wrap; color: rgb(0, 0, 0);\">Yes, you can add editable documents associated with records in Excel, Word, PDF, and PPT format.<\/span><\/span><\/p>\n\n\n\n\n\n\n<p style=\"text-align: justify;\"><span id=\"docs-internal-guid-6a6b1100-7fff-fcb9-1ac7-193c455dcd89\"><span style=\"font-size: 18px; font-family: Arial; background-color: transparent; font-variant-numeric: normal; font-variant-east-asian: normal; vertical-align: baseline; white-space: pre-wrap; color: rgb(0, 0, 0);\">In the document repository of the digital folder.<\/span><\/span><\/p>\n\n\n\n\n\n\n<p style=\"text-align: justify; \"><span id=\"docs-internal-guid-1d8a13a6-7fff-155e-800d-553f56ac5b63\"><span style=\"font-size: 18px; font-family: Arial; background-color: transparent; font-variant-numeric: normal; font-variant-east-asian: normal; vertical-align: baseline; white-space: pre-wrap; color: rgb(0, 0, 0);\">You can edit and delete information in a folio as long as it hasn't been signed.<\/span><\/span><\/p>\n\n\n\n\n\n\n<p style=\"text-align: justify; \"><span id=\"docs-internal-guid-a019c6b7-7fff-ebb6-f9f3-e8198d520cab\"><span style=\"font-size: 18px; font-family: Arial; background-color: transparent; font-variant-numeric: normal; font-variant-east-asian: normal; vertical-align: baseline; white-space: pre-wrap; color: rgb(0, 0, 0);\">No, you can only edit and delete a folio in draft status.<\/span><\/span><\/p>\n\n\n\n\n\n\n<p style=\"text-align: justify; \"><span id=\"docs-internal-guid-68b976ef-7fff-fa16-64be-64d847668de3\"><span style=\"font-size: 18px; font-family: Arial; background-color: transparent; font-variant-numeric: normal; font-variant-east-asian: normal; vertical-align: baseline; white-space: pre-wrap; color: rgb(0, 0, 0);\">A trav\u00e9s de la marca de &#8220;visto&#8221; de su contraparte.<\/span><\/span><\/p>\n\n\n\n\n\n\n\n<p style=\"text-align: justify; \"><span id=\"docs-internal-guid-ce6fbc61-7fff-48d7-1919-3dc7282f27f0\"><span style=\"font-size: 18px; font-family: Arial; background-color: transparent; font-variant-numeric: normal; font-variant-east-asian: normal; vertical-align: baseline; white-space: pre-wrap; color: rgb(0, 0, 0);\">Using the same procedure to sign a folio. Only users from the counterparty with signing authority can mark it as 'seen'.<\/span><span style=\"font-size: 11pt; font-family: Arial; color: rgb(0, 0, 0); background-color: transparent; font-variant-numeric: normal; font-variant-east-asian: normal; vertical-align: baseline; white-space: pre-wrap;\">.<\/span><\/span><\/p>\n\n\n\n\n\n\n\n<p style=\"text-align: justify;\"><span style=\"background-color: transparent; font-size: 17px; color: rgb(0, 0, 0);\">Los libros pueden ser descargados de forma masiva en el m\u00f3dulo de Carpeta Digital, en la secci\u00f3n &#8220;Desarrollo de Contrato&#8221;<\/span><\/p>\n\n\n\n\n\n\n\n\n\n\n\n\n\n\n<p><span style=\"font-size: 18px;\">LTEC has a book structure depending on the type of contract, which includes, as requested:<\/span><\/p><p><span style=\"font-size: 18px;\">&#8211; Libro de Obra Maestro (Unidireccional).<\/span><\/p><p><span style=\"font-size: 18px;\">&#8211; Libros de Comunicaciones (Bidireccional).<\/span><\/p><p><span style=\"font-size: 18px;\">&#8211; Libros de Especialidades o Auxiliares (Bidireccionales y tantos como se requieran).<\/span><span style=\"font-size: 18px; background-color: transparent; color: rgb(0, 0, 0);\"><\/span><span style=\"color: rgb(0, 0, 0);\"><span id=\"docs-internal-guid-5d86adbe-7fff-136d-b3a7-9e646f5b0377\"><span style=\"font-size: 11pt; font-family: Arial; background-color: transparent; font-variant-numeric: normal; font-variant-east-asian: normal; vertical-align: baseline; white-space: pre-wrap;\"><\/span><\/span><\/span>\n<\/p>\n\n\n\n\n\n\n\n<p style=\"text-align: justify; \"><span id=\"docs-internal-guid-29926fb4-7fff-eb92-e0a2-68be4df90a3b\"><span style=\"font-size: 18px; font-family: Arial; background-color: transparent; font-variant-numeric: normal; font-variant-east-asian: normal; vertical-align: baseline; white-space: pre-wrap; color: rgb(0, 0, 0);\">The construction company is responsible for requesting the creation of the digital logbook when they hire LTEC's service.<\/span><\/span><\/p>\n\n\n\n\n\n\n\n<p style=\"text-align: justify;\"><span id=\"docs-internal-guid-64acd4f4-7fff-ca3e-5549-d8bc64ab4370\" style=\"color: rgb(0, 0, 0);\"><span style=\"font-size: 11pt; font-family: Arial; background-color: transparent; font-variant-numeric: normal; font-variant-east-asian: normal; vertical-align: baseline; white-space: pre-wrap;\"><\/span><span style=\"font-size: 18px;\">The Fiscal Inspector from the platform or the LTEC support team upon their request.<\/span><span style=\"font-size: 11pt; font-family: Arial; background-color: transparent; font-variant-numeric: normal; font-variant-east-asian: normal; vertical-align: baseline; white-space: pre-wrap;\"><\/span><\/span><\/p>\n\n\n\n\n\n\n<p style=\"text-align: justify; \"><span id=\"docs-internal-guid-49a28fee-7fff-f121-d9b8-81ab5aea4947\"><span style=\"font-size: 18px; font-family: Arial; background-color: transparent; font-variant-numeric: normal; font-variant-east-asian: normal; vertical-align: baseline; white-space: pre-wrap; color: rgb(0, 0, 0);\">The number of users per contract is unlimited. The profiles will have access to read, write, and sign folios according to the role they fulfill within the project.<\/span><\/span><\/p>\n\n\n\n\n\n\n<p style=\"text-align: justify; \"><span id=\"docs-internal-guid-01db3f7c-7fff-c1b8-c2bc-ab54f91d610b\"><span style=\"font-size: 18px; font-family: Arial; background-color: transparent; font-variant-numeric: normal; font-variant-east-asian: normal; vertical-align: baseline; white-space: pre-wrap; color: rgb(0, 0, 0);\">Yes, depending on the role you fulfill in your contract.<\/span><\/span><\/p>\n\n\n\n\n\n\n<p style=\"text-align: justify;\"><span style=\"background-color: transparent; font-size: 12px;\"><span style=\"font-size: 16px; color: rgb(0, 0, 0);\"><span style=\"font-size: 17px;\">Inspectores y Residente pueden asignar profesionales dentro de cada contrato, en el m\u00f3dulo de &#8220;Usuarios&#8221; con sus datos personales y otorgarles correspondiente perfil&nbsp;<\/span><\/span><\/span><\/p>\n\n\n\n\n\n\n<p style=\"text-align: justify; \"><span id=\"docs-internal-guid-4f0ec4cb-7fff-cf5f-8e44-209fa8d1a1d9\"><span style=\"font-size: 18px; font-family: Arial; background-color: transparent; font-variant-numeric: normal; font-variant-east-asian: normal; vertical-align: baseline; white-space: pre-wrap; color: rgb(0, 0, 0);\">Fiscal Inspectors, Residents, and Specialists.<\/span><\/span><\/p>\n\n\n\n\n\n\n<p style=\"text-align: justify; \"><span id=\"docs-internal-guid-ff10aeb6-7fff-c22d-1654-32770a9d24e6\"><span style=\"color: rgb(0, 0, 0);\"><span style=\"font-size: 11pt; font-family: Arial; background-color: transparent; font-variant-numeric: normal; font-variant-east-asian: normal; vertical-align: baseline; white-space: pre-wrap;\"><\/span><span style=\"font-size: 18px;\">Open the folio PDF with Adobe Reader DC, only then will you have clear access to the certificates that validate the signature on a document. If your computer does not have this document viewer application, download it for free here:&nbsp;<\/span><\/span><\/span><a href=\"https:\/\/get.adobe.com\/reader\/\" style=\"font-size: 12px; text-decoration-line: none;\"><span style=\"font-size: 18px; font-family: Arial; color: rgb(17, 85, 204); background-color: transparent; font-variant-numeric: normal; font-variant-east-asian: normal; text-decoration-line: underline; text-decoration-skip-ink: none; vertical-align: baseline; white-space: pre-wrap;\">https:\/\/get.adobe.com\/reader\/<\/span><\/a><\/p>\n\n\n\n\n\n\n\n<p><span id=\"docs-internal-guid-39399b0f-7fff-cbdb-cca4-428739374dad\"><span style=\"font-size: 18px; font-family: Arial; background-color: transparent; font-variant-numeric: normal; font-variant-east-asian: normal; vertical-align: baseline; white-space: pre-wrap; color: rgb(0, 0, 0);\">The 5th business day of each month.<\/span><\/span><\/p>\n\n\n\n\n\n\n\n<p style=\"text-align: justify; \"><span id=\"docs-internal-guid-1c624b1e-7fff-791d-59f1-fb199145093c\"><span style=\"font-size: 18px; font-family: Arial; background-color: transparent; font-variant-numeric: normal; font-variant-east-asian: normal; vertical-align: baseline; white-space: pre-wrap; color: rgb(0, 0, 0);\">No, the data entry in the monthly reports is parallel and complementary.<\/span><\/span><\/p>\n\n\n\n\n\n\n\n\n\n\n\n\n\n\n<p style=\"text-align: justify;\"><span id=\"docs-internal-guid-83d9184a-7fff-bf74-1333-e573046e4f31\"><span style=\"font-size: 18px; font-family: Arial; background-color: transparent; font-variant-numeric: normal; font-variant-east-asian: normal; vertical-align: baseline; white-space: pre-wrap; color: rgb(0, 0, 0);\">The service charge is billed in advance on a monthly basis. Payment can be made via deposits or bank transfers.<\/span><\/span><\/p>\n\n\n\n\n\n\n\n<p style=\"text-align: justify; \"><span id=\"docs-internal-guid-be10c849-7fff-ec9b-6377-56f3ffdfbdaa\"><span style=\"font-size: 18px; font-family: Arial; background-color: transparent; font-variant-numeric: normal; font-variant-east-asian: normal; vertical-align: baseline; white-space: pre-wrap; color: rgb(0, 0, 0);\">The monthly charge lasts until the provisional acceptance folio of the project is issued, at which point administrative billing activities are suspended. If any activities are carried out in the contract between the provisional and final acceptance, only the month of use will be charged.<\/span><\/span><\/p>\n\n\n\n\n\n\n\n<p style=\"text-align: justify; \"><span id=\"docs-internal-guid-b712ec61-7fff-4c26-2c3d-2252df1c6282\"><span style=\"font-size: 18px; font-family: Arial; background-color: transparent; font-variant-numeric: normal; font-variant-east-asian: normal; vertical-align: baseline; white-space: pre-wrap; color: rgb(0, 0, 0);\">Once the project is completed, the documentation remains available for a period of 5 years.<\/span><\/span><\/p>\n\n\n\n\n\n\n\n\n\n\n\n\n<h2>If you still have questions, you can contact us through the contact form or simply give us a call.<\/h2>\n\n\n\n\n<h2 style=\"margin: 0px; padding: 0px; border: 0px; font-variant-numeric: inherit; font-variant-east-asian: inherit; font-variant-alternates: inherit; font-variant-position: inherit; font-variant-emoji: inherit; font-stretch: inherit; font-size: 1.75em; line-height: 1.5em; font-family: Raleway, sans-serif; font-optical-sizing: inherit; font-size-adjust: inherit; font-kerning: inherit; font-feature-settings: inherit; font-variation-settings: inherit; vertical-align: baseline; color: rgb(71, 71, 71); overflow-wrap: break-word; text-align: center;\">If you still have questions, you can contact us through the contact form or simply give us a call.<\/h2>","protected":false},"excerpt":{"rendered":"","protected":false},"author":1,"featured_media":0,"parent":0,"menu_order":0,"comment_status":"closed","ping_status":"closed","template":"","meta":{"footnotes":""},"class_list":["post-135","page","type-page","status-publish","hentry"],"_links":{"self":[{"href":"https:\/\/ltec.cl\/site\/en\/wp-json\/wp\/v2\/pages\/135","targetHints":{"allow":["GET"]}}],"collection":[{"href":"https:\/\/ltec.cl\/site\/en\/wp-json\/wp\/v2\/pages"}],"about":[{"href":"https:\/\/ltec.cl\/site\/en\/wp-json\/wp\/v2\/types\/page"}],"author":[{"embeddable":true,"href":"https:\/\/ltec.cl\/site\/en\/wp-json\/wp\/v2\/users\/1"}],"replies":[{"embeddable":true,"href":"https:\/\/ltec.cl\/site\/en\/wp-json\/wp\/v2\/comments?post=135"}],"version-history":[{"count":43,"href":"https:\/\/ltec.cl\/site\/en\/wp-json\/wp\/v2\/pages\/135\/revisions"}],"predecessor-version":[{"id":1157,"href":"https:\/\/ltec.cl\/site\/en\/wp-json\/wp\/v2\/pages\/135\/revisions\/1157"}],"wp:attachment":[{"href":"https:\/\/ltec.cl\/site\/en\/wp-json\/wp\/v2\/media?parent=135"}],"curies":[{"name":"wp","href":"https:\/\/api.w.org\/{rel}","templated":true}]}}